{"id":1800,"date":"2022-04-26T14:26:46","date_gmt":"2022-04-26T14:26:46","guid":{"rendered":"https:\/\/emmasaez.com\/biblioteca-duelo\/"},"modified":"2026-01-09T12:37:27","modified_gmt":"2026-01-09T12:37:27","slug":"biblioteca-del-lutto","status":"publish","type":"page","link":"https:\/\/emmasaez.com\/it\/biblioteca-del-lutto\/","title":{"rendered":"Biblioteca del lutto"},"content":{"rendered":"\t\t<div data-elementor-type=\"wp-page\" data-elementor-id=\"1800\" class=\"elementor elementor-1800 elementor-263\" data-elementor-post-type=\"page\">\n\t\t\t\t\t\t<section class=\"elementor-section elementor-top-section elementor-element elementor-element-b9340aa elementor-section-boxed elementor-section-height-default elementor-section-height-default\" data-id=\"b9340aa\" data-element_type=\"section\" data-e-type=\"section\" data-settings=\"{&quot;background_background&quot;:&quot;classic&quot;}\">\n\t\t\t\t\t\t<div class=\"elementor-container elementor-column-gap-default\">\n\t\t\t\t\t<div class=\"elementor-column elementor-col-100 elementor-top-column elementor-element elementor-element-1b2a9b3\" data-id=\"1b2a9b3\" data-element_type=\"column\" data-e-type=\"column\">\n\t\t\t<div class=\"elementor-widget-wrap\">\n\t\t\t\t\t\t\t<\/div>\n\t\t<\/div>\n\t\t\t\t\t<\/div>\n\t\t<\/section>\n\t\t\t\t<section class=\"elementor-section elementor-top-section elementor-element elementor-element-05de577 elementor-hidden-tablet elementor-hidden-mobile elementor-section-boxed elementor-section-height-default elementor-section-height-default\" data-id=\"05de577\" data-element_type=\"section\" data-e-type=\"section\" data-settings=\"{&quot;background_background&quot;:&quot;classic&quot;}\">\n\t\t\t\t\t\t<div class=\"elementor-container elementor-column-gap-default\">\n\t\t\t\t\t<div class=\"elementor-column elementor-col-100 elementor-top-column elementor-element elementor-element-0fa0e48\" data-id=\"0fa0e48\" data-element_type=\"column\" data-e-type=\"column\">\n\t\t\t<div class=\"elementor-widget-wrap\">\n\t\t\t\t\t\t\t<\/div>\n\t\t<\/div>\n\t\t\t\t\t<\/div>\n\t\t<\/section>\n\t\t\t\t<section class=\"elementor-section elementor-top-section elementor-element elementor-element-2b84dfe elementor-hidden-desktop elementor-section-boxed elementor-section-height-default elementor-section-height-default\" data-id=\"2b84dfe\" data-element_type=\"section\" data-e-type=\"section\">\n\t\t\t\t\t\t<div class=\"elementor-container elementor-column-gap-default\">\n\t\t\t\t\t<div class=\"elementor-column elementor-col-100 elementor-top-column elementor-element elementor-element-2a5005d\" data-id=\"2a5005d\" data-element_type=\"column\" data-e-type=\"column\">\n\t\t\t<div class=\"elementor-widget-wrap elementor-element-populated\">\n\t\t\t\t\t\t<div class=\"elementor-element elementor-element-dceaf26 elementor-widget elementor-widget-image\" data-id=\"dceaf26\" data-element_type=\"widget\" data-e-type=\"widget\" data-widget_type=\"image.default\">\n\t\t\t\t<div class=\"elementor-widget-container\">\n\t\t\t\t\t\t\t\t\t\t\t\t\t\t\t<img fetchpriority=\"high\" decoding=\"async\" width=\"1024\" height=\"333\" src=\"https:\/\/emmasaez.com\/wp-content\/uploads\/2025\/08\/biblioteca-del-lutto-1024x333.jpg\" class=\"attachment-large size-large wp-image-2030\" alt=\"\" srcset=\"https:\/\/emmasaez.com\/wp-content\/uploads\/2025\/08\/biblioteca-del-lutto-1024x333.jpg 1024w, https:\/\/emmasaez.com\/wp-content\/uploads\/2025\/08\/biblioteca-del-lutto-300x98.jpg 300w, https:\/\/emmasaez.com\/wp-content\/uploads\/2025\/08\/biblioteca-del-lutto-768x250.jpg 768w, https:\/\/emmasaez.com\/wp-content\/uploads\/2025\/08\/biblioteca-del-lutto-1536x500.jpg 1536w, https:\/\/emmasaez.com\/wp-content\/uploads\/2025\/08\/biblioteca-del-lutto.jpg 1920w\" sizes=\"(max-width: 1024px) 100vw, 1024px\" \/>\t\t\t\t\t\t\t\t\t\t\t\t\t\t\t<\/div>\n\t\t\t\t<\/div>\n\t\t\t\t\t<\/div>\n\t\t<\/div>\n\t\t\t\t\t<\/div>\n\t\t<\/section>\n\t\t\t\t<section class=\"elementor-section elementor-top-section elementor-element elementor-element-de74fb5 elementor-section-boxed elementor-section-height-default elementor-section-height-default\" data-id=\"de74fb5\" data-element_type=\"section\" data-e-type=\"section\">\n\t\t\t\t\t\t<div class=\"elementor-container elementor-column-gap-default\">\n\t\t\t\t\t<div class=\"elementor-column elementor-col-100 elementor-top-column elementor-element elementor-element-39158b0\" data-id=\"39158b0\" data-element_type=\"column\" data-e-type=\"column\">\n\t\t\t<div class=\"elementor-widget-wrap elementor-element-populated\">\n\t\t\t\t\t\t<div class=\"elementor-element elementor-element-f904e17 elementor-widget elementor-widget-heading\" data-id=\"f904e17\" data-element_type=\"widget\" data-e-type=\"widget\" data-widget_type=\"heading.default\">\n\t\t\t\t<div class=\"elementor-widget-container\">\n\t\t\t\t\t<h2 class=\"elementor-heading-title elementor-size-default\">BIBLIOTECA DEL LUTTO<\/h2>\t\t\t\t<\/div>\n\t\t\t\t<\/div>\n\t\t\t\t<div class=\"elementor-element elementor-element-0263e91 elementor-widget elementor-widget-text-editor\" data-id=\"0263e91\" data-element_type=\"widget\" data-e-type=\"widget\" data-widget_type=\"text-editor.default\">\n\t\t\t\t<div class=\"elementor-widget-container\">\n\t\t\t\t\t\t\t\t\tUNO SPAZIO DI LETTURA PER AIUTARTI E ACCOMPAGNARTI\n\t\t\t\t\t\t\t\t<\/div>\n\t\t\t\t<\/div>\n\t\t\t\t\t<\/div>\n\t\t<\/div>\n\t\t\t\t\t<\/div>\n\t\t<\/section>\n\t\t\t\t<section class=\"elementor-section elementor-top-section elementor-element elementor-element-d35bac6 elementor-section-boxed elementor-section-height-default elementor-section-height-default\" data-id=\"d35bac6\" data-element_type=\"section\" data-e-type=\"section\">\n\t\t\t\t\t\t<div class=\"elementor-container elementor-column-gap-default\">\n\t\t\t\t\t<div class=\"elementor-column elementor-col-100 elementor-top-column elementor-element elementor-element-66cd2b3\" data-id=\"66cd2b3\" data-element_type=\"column\" data-e-type=\"column\">\n\t\t\t<div class=\"elementor-widget-wrap elementor-element-populated\">\n\t\t\t\t\t\t<div class=\"elementor-element elementor-element-0b56468 elementor-grid-3 elementor-grid-tablet-2 elementor-grid-mobile-1 elementor-posts--thumbnail-top elementor-widget elementor-widget-posts\" data-id=\"0b56468\" data-element_type=\"widget\" data-e-type=\"widget\" data-settings=\"{&quot;classic_columns&quot;:&quot;3&quot;,&quot;classic_columns_tablet&quot;:&quot;2&quot;,&quot;classic_columns_mobile&quot;:&quot;1&quot;,&quot;classic_row_gap&quot;:{&quot;unit&quot;:&quot;px&quot;,&quot;size&quot;:35,&quot;sizes&quot;:[]},&quot;classic_row_gap_tablet&quot;:{&quot;unit&quot;:&quot;px&quot;,&quot;size&quot;:&quot;&quot;,&quot;sizes&quot;:[]},&quot;classic_row_gap_mobile&quot;:{&quot;unit&quot;:&quot;px&quot;,&quot;size&quot;:&quot;&quot;,&quot;sizes&quot;:[]}}\" data-widget_type=\"posts.classic\">\n\t\t\t\t<div class=\"elementor-widget-container\">\n\t\t\t\t\t\t\t<div class=\"elementor-posts-container elementor-posts elementor-posts--skin-classic elementor-grid\" role=\"list\">\n\t\t\t\t<article class=\"elementor-post elementor-grid-item post-1758 post type-post status-publish format-standard has-post-thumbnail hentry category-duelo-it\" role=\"listitem\">\n\t\t\t\t<a class=\"elementor-post__thumbnail__link\" href=\"https:\/\/emmasaez.com\/it\/come-porgere-le-condoglianze\/\" tabindex=\"-1\" >\n\t\t\t<div class=\"elementor-post__thumbnail\"><img decoding=\"async\" width=\"640\" height=\"640\" src=\"https:\/\/emmasaez.com\/wp-content\/uploads\/2025\/08\/otto-frasi-per-porgere-le-condoglianze.jpg\" class=\"attachment-large size-large wp-image-1779\" alt=\"\" srcset=\"https:\/\/emmasaez.com\/wp-content\/uploads\/2025\/08\/otto-frasi-per-porgere-le-condoglianze.jpg 640w, https:\/\/emmasaez.com\/wp-content\/uploads\/2025\/08\/otto-frasi-per-porgere-le-condoglianze-300x300.jpg 300w, https:\/\/emmasaez.com\/wp-content\/uploads\/2025\/08\/otto-frasi-per-porgere-le-condoglianze-150x150.jpg 150w\" sizes=\"(max-width: 640px) 100vw, 640px\" \/><\/div>\n\t\t<\/a>\n\t\t\t\t<div class=\"elementor-post__text\">\n\t\t\t\t<h3 class=\"elementor-post__title\">\n\t\t\t<a href=\"https:\/\/emmasaez.com\/it\/come-porgere-le-condoglianze\/\" >\n\t\t\t\tCome porgere le condoglianze\t\t\t<\/a>\n\t\t<\/h3>\n\t\t\t\t<div class=\"elementor-post__meta-data\">\n\t\t\t\t\t<span class=\"elementor-post-date\">\n\t\t\tMaggio 11, 2022\t\t<\/span>\n\t\t\t\t<span class=\"elementor-post-avatar\">\n\t\t\tNessun commento\t\t<\/span>\n\t\t\t\t<\/div>\n\t\t\t\t<div class=\"elementor-post__excerpt\">\n\t\t\t<p>Condoglianze: Espressione usata per comunicare a qualcuno che si partecipa al suo dolore o alla sua sofferenza. Ci sentiamo tutti desolati quando amici o familiari<\/p>\n\t\t<\/div>\n\t\t\n\t\t<a class=\"elementor-post__read-more\" href=\"https:\/\/emmasaez.com\/it\/come-porgere-le-condoglianze\/\" aria-label=\"Leggi tutto Come porgere le condoglianze\" tabindex=\"-1\" >\n\t\t\tPer saperne di pi\u00f9 \u00bb\t\t<\/a>\n\n\t\t\t\t<\/div>\n\t\t\t\t<\/article>\n\t\t\t\t<article class=\"elementor-post elementor-grid-item post-1756 post type-post status-publish format-standard has-post-thumbnail hentry category-duelo-it\" role=\"listitem\">\n\t\t\t\t<a class=\"elementor-post__thumbnail__link\" href=\"https:\/\/emmasaez.com\/it\/il-cinema-come-terapia-del-lutto\/\" tabindex=\"-1\" >\n\t\t\t<div class=\"elementor-post__thumbnail\"><img decoding=\"async\" width=\"640\" height=\"640\" src=\"https:\/\/emmasaez.com\/wp-content\/uploads\/2025\/08\/Il-cinema-come-terapia-del-lutto.jpg\" class=\"attachment-large size-large wp-image-1785\" alt=\"\" srcset=\"https:\/\/emmasaez.com\/wp-content\/uploads\/2025\/08\/Il-cinema-come-terapia-del-lutto.jpg 640w, https:\/\/emmasaez.com\/wp-content\/uploads\/2025\/08\/Il-cinema-come-terapia-del-lutto-300x300.jpg 300w, https:\/\/emmasaez.com\/wp-content\/uploads\/2025\/08\/Il-cinema-come-terapia-del-lutto-150x150.jpg 150w\" sizes=\"(max-width: 640px) 100vw, 640px\" \/><\/div>\n\t\t<\/a>\n\t\t\t\t<div class=\"elementor-post__text\">\n\t\t\t\t<h3 class=\"elementor-post__title\">\n\t\t\t<a href=\"https:\/\/emmasaez.com\/it\/il-cinema-come-terapia-del-lutto\/\" >\n\t\t\t\tIl cinema come terapia del lutto\t\t\t<\/a>\n\t\t<\/h3>\n\t\t\t\t<div class=\"elementor-post__meta-data\">\n\t\t\t\t\t<span class=\"elementor-post-date\">\n\t\t\tMaggio 11, 2022\t\t<\/span>\n\t\t\t\t<span class=\"elementor-post-avatar\">\n\t\t\tNessun commento\t\t<\/span>\n\t\t\t\t<\/div>\n\t\t\t\t<div class=\"elementor-post__excerpt\">\n\t\t\t<p>La morte di una persona cara ci immerge in una tristezza infinita. Il lutto \u00e8 un processo profondamente personale: non esiste uno schema preciso, e<\/p>\n\t\t<\/div>\n\t\t\n\t\t<a class=\"elementor-post__read-more\" href=\"https:\/\/emmasaez.com\/it\/il-cinema-come-terapia-del-lutto\/\" aria-label=\"Leggi tutto Il cinema come terapia del lutto\" tabindex=\"-1\" >\n\t\t\tPer saperne di pi\u00f9 \u00bb\t\t<\/a>\n\n\t\t\t\t<\/div>\n\t\t\t\t<\/article>\n\t\t\t\t<article class=\"elementor-post elementor-grid-item post-1754 post type-post status-publish format-standard has-post-thumbnail hentry category-duelo-it\" role=\"listitem\">\n\t\t\t\t<a class=\"elementor-post__thumbnail__link\" href=\"https:\/\/emmasaez.com\/it\/sei-bisogni-della-persona-in-lutto\/\" tabindex=\"-1\" >\n\t\t\t<div class=\"elementor-post__thumbnail\"><img loading=\"lazy\" decoding=\"async\" width=\"640\" height=\"640\" src=\"https:\/\/emmasaez.com\/wp-content\/uploads\/2025\/08\/Sei.bisogni.-della-persona-in-luto.italiano-.jpg\" class=\"attachment-large size-large wp-image-1776\" alt=\"\" srcset=\"https:\/\/emmasaez.com\/wp-content\/uploads\/2025\/08\/Sei.bisogni.-della-persona-in-luto.italiano-.jpg 640w, https:\/\/emmasaez.com\/wp-content\/uploads\/2025\/08\/Sei.bisogni.-della-persona-in-luto.italiano--300x300.jpg 300w, https:\/\/emmasaez.com\/wp-content\/uploads\/2025\/08\/Sei.bisogni.-della-persona-in-luto.italiano--150x150.jpg 150w\" sizes=\"(max-width: 640px) 100vw, 640px\" \/><\/div>\n\t\t<\/a>\n\t\t\t\t<div class=\"elementor-post__text\">\n\t\t\t\t<h3 class=\"elementor-post__title\">\n\t\t\t<a href=\"https:\/\/emmasaez.com\/it\/sei-bisogni-della-persona-in-lutto\/\" >\n\t\t\t\tI sei bisogni della persona in lutto\t\t\t<\/a>\n\t\t<\/h3>\n\t\t\t\t<div class=\"elementor-post__meta-data\">\n\t\t\t\t\t<span class=\"elementor-post-date\">\n\t\t\tMaggio 3, 2022\t\t<\/span>\n\t\t\t\t<span class=\"elementor-post-avatar\">\n\t\t\tNessun commento\t\t<\/span>\n\t\t\t\t<\/div>\n\t\t\t\t<div class=\"elementor-post__excerpt\">\n\t\t\t<p>Quando muore una persona amata, la vita pu\u00f2 diventare confusa e dolorosa. La realt\u00e0 cos\u00ec come la conoscevamo non esiste pi\u00f9, e ci troviamo immersi<\/p>\n\t\t<\/div>\n\t\t\n\t\t<a class=\"elementor-post__read-more\" href=\"https:\/\/emmasaez.com\/it\/sei-bisogni-della-persona-in-lutto\/\" aria-label=\"Leggi tutto I sei bisogni della persona in lutto\" tabindex=\"-1\" >\n\t\t\tPer saperne di pi\u00f9 \u00bb\t\t<\/a>\n\n\t\t\t\t<\/div>\n\t\t\t\t<\/article>\n\t\t\t\t<article class=\"elementor-post elementor-grid-item post-1752 post type-post status-publish format-standard has-post-thumbnail hentry category-duelo-it tag-duelo-it tag-funeral-it tag-superar-un-duelo-it\" role=\"listitem\">\n\t\t\t\t<a class=\"elementor-post__thumbnail__link\" href=\"https:\/\/emmasaez.com\/it\/come-affrontare-la-morte-di-una-persona-cara\/\" tabindex=\"-1\" >\n\t\t\t<div class=\"elementor-post__thumbnail\"><img loading=\"lazy\" decoding=\"async\" width=\"640\" height=\"640\" src=\"https:\/\/emmasaez.com\/wp-content\/uploads\/2025\/08\/Come-affrontare-la-morte-di-una-persona-cara.jpg\" class=\"attachment-large size-large wp-image-1797\" alt=\"\" srcset=\"https:\/\/emmasaez.com\/wp-content\/uploads\/2025\/08\/Come-affrontare-la-morte-di-una-persona-cara.jpg 640w, https:\/\/emmasaez.com\/wp-content\/uploads\/2025\/08\/Come-affrontare-la-morte-di-una-persona-cara-300x300.jpg 300w, https:\/\/emmasaez.com\/wp-content\/uploads\/2025\/08\/Come-affrontare-la-morte-di-una-persona-cara-150x150.jpg 150w\" sizes=\"(max-width: 640px) 100vw, 640px\" \/><\/div>\n\t\t<\/a>\n\t\t\t\t<div class=\"elementor-post__text\">\n\t\t\t\t<h3 class=\"elementor-post__title\">\n\t\t\t<a href=\"https:\/\/emmasaez.com\/it\/come-affrontare-la-morte-di-una-persona-cara\/\" >\n\t\t\t\tCome affrontare la morte di una persona cara\t\t\t<\/a>\n\t\t<\/h3>\n\t\t\t\t<div class=\"elementor-post__meta-data\">\n\t\t\t\t\t<span class=\"elementor-post-date\">\n\t\t\tMaggio 2, 2022\t\t<\/span>\n\t\t\t\t<span class=\"elementor-post-avatar\">\n\t\t\tNessun commento\t\t<\/span>\n\t\t\t\t<\/div>\n\t\t\t\t<div class=\"elementor-post__excerpt\">\n\t\t\t<p>Affrontare la perdita di un amico intimo o di un familiare pu\u00f2 essere una delle sfide pi\u00f9 difficili che molti di noi si trovano ad<\/p>\n\t\t<\/div>\n\t\t\n\t\t<a class=\"elementor-post__read-more\" href=\"https:\/\/emmasaez.com\/it\/come-affrontare-la-morte-di-una-persona-cara\/\" aria-label=\"Leggi tutto Come affrontare la morte di una persona cara\" tabindex=\"-1\" >\n\t\t\tPer saperne di pi\u00f9 \u00bb\t\t<\/a>\n\n\t\t\t\t<\/div>\n\t\t\t\t<\/article>\n\t\t\t\t<\/div>\n\t\t\n\t\t\t\t\t\t<\/div>\n\t\t\t\t<\/div>\n\t\t\t\t\t<\/div>\n\t\t<\/div>\n\t\t\t\t\t<\/div>\n\t\t<\/section>\n\t\t\t\t<section class=\"elementor-section elementor-top-section elementor-element elementor-element-463448e elementor-section-boxed elementor-section-height-default elementor-section-height-default\" data-id=\"463448e\" data-element_type=\"section\" data-e-type=\"section\">\n\t\t\t\t\t\t<div class=\"elementor-container elementor-column-gap-default\">\n\t\t\t\t\t<div class=\"elementor-column elementor-col-100 elementor-top-column elementor-element elementor-element-8690401\" data-id=\"8690401\" data-element_type=\"column\" data-e-type=\"column\">\n\t\t\t<div class=\"elementor-widget-wrap elementor-element-populated\">\n\t\t\t\t\t\t<div class=\"elementor-element elementor-element-456707c elementor-widget elementor-widget-spacer\" data-id=\"456707c\" data-element_type=\"widget\" data-e-type=\"widget\" data-widget_type=\"spacer.default\">\n\t\t\t\t<div class=\"elementor-widget-container\">\n\t\t\t\t\t\t\t<div class=\"elementor-spacer\">\n\t\t\t<div class=\"elementor-spacer-inner\"><\/div>\n\t\t<\/div>\n\t\t\t\t\t\t<\/div>\n\t\t\t\t<\/div>\n\t\t\t\t\t<\/div>\n\t\t<\/div>\n\t\t\t\t\t<\/div>\n\t\t<\/section>\n\t\t\t\t<\/div>\n\t\t","protected":false},"excerpt":{"rendered":"<p>BIBLIOTECA DEL LUTTO UNO SPAZIO DI LETTURA PER AIUTARTI E ACCOMPAGNARTI<\/p>\n","protected":false},"author":1,"featured_media":0,"parent":0,"menu_order":0,"comment_status":"closed","ping_status":"closed","template":"","meta":{"site-sidebar-layout":"no-sidebar","site-content-layout":"page-builder","ast-site-content-layout":"default","site-content-style":"default","site-sidebar-style":"default","ast-global-header-display":"","ast-banner-title-visibility":"","ast-main-header-display":"","ast-hfb-above-header-display":"","ast-hfb-below-header-display":"","ast-hfb-mobile-header-display":"","site-post-title":"disabled","ast-breadcrumbs-content":"","ast-featured-img":"disabled","footer-sml-layout":"","ast-disable-related-posts":"","theme-transparent-header-meta":"","adv-header-id-meta":"","stick-header-meta":"","header-above-stick-meta":"","header-main-stick-meta":"","header-below-stick-meta":"","astra-migrate-meta-layouts":"default","ast-page-background-enabled":"default","ast-page-background-meta":{"desktop":{"background-color":"var(--ast-global-color-4)","background-image":"","background-repeat":"repeat","background-position":"center center","background-size":"auto","background-attachment":"scroll","background-type":"","background-media":"","overlay-type":"","overlay-color":"","overlay-opacity":"","overlay-gradient":""},"tablet":{"background-color":"","background-image":"","background-repeat":"repeat","background-position":"center center","background-size":"auto","background-attachment":"scroll","background-type":"","background-media":"","overlay-type":"","overlay-color":"","overlay-opacity":"","overlay-gradient":""},"mobile":{"background-color":"","background-image":"","background-repeat":"repeat","background-position":"center center","background-size":"auto","background-attachment":"scroll","background-type":"","background-media":"","overlay-type":"","overlay-color":"","overlay-opacity":"","overlay-gradient":""}},"ast-content-background-meta":{"desktop":{"background-color":"var(--ast-global-color-5)","background-image":"","background-repeat":"repeat","background-position":"center center","background-size":"auto","background-attachment":"scroll","background-type":"","background-media":"","overlay-type":"","overlay-color":"","overlay-opacity":"","overlay-gradient":""},"tablet":{"background-color":"var(--ast-global-color-5)","background-image":"","background-repeat":"repeat","background-position":"center center","background-size":"auto","background-attachment":"scroll","background-type":"","background-media":"","overlay-type":"","overlay-color":"","overlay-opacity":"","overlay-gradient":""},"mobile":{"background-color":"var(--ast-global-color-5)","background-image":"","background-repeat":"repeat","background-position":"center center","background-size":"auto","background-attachment":"scroll","background-type":"","background-media":"","overlay-type":"","overlay-color":"","overlay-opacity":"","overlay-gradient":""}},"footnotes":""},"class_list":["post-1800","page","type-page","status-publish","hentry"],"yoast_head":"<!-- This site is optimized with the Yoast SEO plugin v26.9 - https:\/\/yoast.com\/product\/yoast-seo-wordpress\/ -->\n<title>Biblioteca del lutto -<\/title>\n<meta name=\"robots\" content=\"index, follow, max-snippet:-1, max-image-preview:large, max-video-preview:-1\" \/>\n<link rel=\"canonical\" href=\"https:\/\/emmasaez.com\/it\/biblioteca-del-lutto\/\" \/>\n<meta property=\"og:locale\" content=\"it_IT\" \/>\n<meta property=\"og:type\" content=\"article\" \/>\n<meta property=\"og:title\" content=\"Biblioteca del lutto -\" \/>\n<meta property=\"og:description\" content=\"BIBLIOTECA DEL LUTTO UNO SPAZIO DI LETTURA PER AIUTARTI E ACCOMPAGNARTI\" \/>\n<meta property=\"og:url\" content=\"https:\/\/emmasaez.com\/it\/biblioteca-del-lutto\/\" \/>\n<meta property=\"article:modified_time\" content=\"2026-01-09T12:37:27+00:00\" \/>\n<meta property=\"og:image\" content=\"https:\/\/emmasaez.com\/wp-content\/uploads\/2025\/08\/biblioteca-del-lutto.jpg\" \/>\n\t<meta property=\"og:image:width\" content=\"1920\" \/>\n\t<meta property=\"og:image:height\" content=\"625\" \/>\n\t<meta property=\"og:image:type\" content=\"image\/jpeg\" \/>\n<meta name=\"twitter:card\" content=\"summary_large_image\" \/>\n<meta name=\"twitter:label1\" content=\"Tempo di lettura stimato\" \/>\n\t<meta name=\"twitter:data1\" content=\"4 minuti\" \/>\n<script type=\"application\/ld+json\" class=\"yoast-schema-graph\">{\"@context\":\"https:\/\/schema.org\",\"@graph\":[{\"@type\":\"WebPage\",\"@id\":\"https:\/\/emmasaez.com\/it\/biblioteca-del-lutto\/\",\"url\":\"https:\/\/emmasaez.com\/it\/biblioteca-del-lutto\/\",\"name\":\"Biblioteca del lutto -\",\"isPartOf\":{\"@id\":\"https:\/\/emmasaez.com\/it\/#website\"},\"primaryImageOfPage\":{\"@id\":\"https:\/\/emmasaez.com\/it\/biblioteca-del-lutto\/#primaryimage\"},\"image\":{\"@id\":\"https:\/\/emmasaez.com\/it\/biblioteca-del-lutto\/#primaryimage\"},\"thumbnailUrl\":\"https:\/\/emmasaez.com\/wp-content\/uploads\/2025\/08\/biblioteca-del-lutto-1024x333.jpg\",\"datePublished\":\"2022-04-26T14:26:46+00:00\",\"dateModified\":\"2026-01-09T12:37:27+00:00\",\"breadcrumb\":{\"@id\":\"https:\/\/emmasaez.com\/it\/biblioteca-del-lutto\/#breadcrumb\"},\"inLanguage\":\"it-IT\",\"potentialAction\":[{\"@type\":\"ReadAction\",\"target\":[\"https:\/\/emmasaez.com\/it\/biblioteca-del-lutto\/\"]}]},{\"@type\":\"ImageObject\",\"inLanguage\":\"it-IT\",\"@id\":\"https:\/\/emmasaez.com\/it\/biblioteca-del-lutto\/#primaryimage\",\"url\":\"https:\/\/emmasaez.com\/wp-content\/uploads\/2025\/08\/biblioteca-del-lutto-1024x333.jpg\",\"contentUrl\":\"https:\/\/emmasaez.com\/wp-content\/uploads\/2025\/08\/biblioteca-del-lutto-1024x333.jpg\"},{\"@type\":\"BreadcrumbList\",\"@id\":\"https:\/\/emmasaez.com\/it\/biblioteca-del-lutto\/#breadcrumb\",\"itemListElement\":[{\"@type\":\"ListItem\",\"position\":1,\"name\":\"Portada\",\"item\":\"https:\/\/emmasaez.com\/it\/home\/\"},{\"@type\":\"ListItem\",\"position\":2,\"name\":\"Biblioteca del lutto\"}]},{\"@type\":\"WebSite\",\"@id\":\"https:\/\/emmasaez.com\/it\/#website\",\"url\":\"https:\/\/emmasaez.com\/it\/\",\"name\":\"\",\"description\":\"Emma Saez | Maestra de Ceremonias\",\"potentialAction\":[{\"@type\":\"SearchAction\",\"target\":{\"@type\":\"EntryPoint\",\"urlTemplate\":\"https:\/\/emmasaez.com\/it\/?s={search_term_string}\"},\"query-input\":{\"@type\":\"PropertyValueSpecification\",\"valueRequired\":true,\"valueName\":\"search_term_string\"}}],\"inLanguage\":\"it-IT\"}]}<\/script>\n<!-- \/ Yoast SEO plugin. -->","yoast_head_json":{"title":"Biblioteca del lutto -","robots":{"index":"index","follow":"follow","max-snippet":"max-snippet:-1","max-image-preview":"max-image-preview:large","max-video-preview":"max-video-preview:-1"},"canonical":"https:\/\/emmasaez.com\/it\/biblioteca-del-lutto\/","og_locale":"it_IT","og_type":"article","og_title":"Biblioteca del lutto -","og_description":"BIBLIOTECA DEL LUTTO UNO SPAZIO DI LETTURA PER AIUTARTI E ACCOMPAGNARTI","og_url":"https:\/\/emmasaez.com\/it\/biblioteca-del-lutto\/","article_modified_time":"2026-01-09T12:37:27+00:00","og_image":[{"width":1920,"height":625,"url":"https:\/\/emmasaez.com\/wp-content\/uploads\/2025\/08\/biblioteca-del-lutto.jpg","type":"image\/jpeg"}],"twitter_card":"summary_large_image","twitter_misc":{"Tempo di lettura stimato":"4 minuti"},"schema":{"@context":"https:\/\/schema.org","@graph":[{"@type":"WebPage","@id":"https:\/\/emmasaez.com\/it\/biblioteca-del-lutto\/","url":"https:\/\/emmasaez.com\/it\/biblioteca-del-lutto\/","name":"Biblioteca del lutto -","isPartOf":{"@id":"https:\/\/emmasaez.com\/it\/#website"},"primaryImageOfPage":{"@id":"https:\/\/emmasaez.com\/it\/biblioteca-del-lutto\/#primaryimage"},"image":{"@id":"https:\/\/emmasaez.com\/it\/biblioteca-del-lutto\/#primaryimage"},"thumbnailUrl":"https:\/\/emmasaez.com\/wp-content\/uploads\/2025\/08\/biblioteca-del-lutto-1024x333.jpg","datePublished":"2022-04-26T14:26:46+00:00","dateModified":"2026-01-09T12:37:27+00:00","breadcrumb":{"@id":"https:\/\/emmasaez.com\/it\/biblioteca-del-lutto\/#breadcrumb"},"inLanguage":"it-IT","potentialAction":[{"@type":"ReadAction","target":["https:\/\/emmasaez.com\/it\/biblioteca-del-lutto\/"]}]},{"@type":"ImageObject","inLanguage":"it-IT","@id":"https:\/\/emmasaez.com\/it\/biblioteca-del-lutto\/#primaryimage","url":"https:\/\/emmasaez.com\/wp-content\/uploads\/2025\/08\/biblioteca-del-lutto-1024x333.jpg","contentUrl":"https:\/\/emmasaez.com\/wp-content\/uploads\/2025\/08\/biblioteca-del-lutto-1024x333.jpg"},{"@type":"BreadcrumbList","@id":"https:\/\/emmasaez.com\/it\/biblioteca-del-lutto\/#breadcrumb","itemListElement":[{"@type":"ListItem","position":1,"name":"Portada","item":"https:\/\/emmasaez.com\/it\/home\/"},{"@type":"ListItem","position":2,"name":"Biblioteca del lutto"}]},{"@type":"WebSite","@id":"https:\/\/emmasaez.com\/it\/#website","url":"https:\/\/emmasaez.com\/it\/","name":"","description":"Emma Saez | Maestra de Ceremonias","potentialAction":[{"@type":"SearchAction","target":{"@type":"EntryPoint","urlTemplate":"https:\/\/emmasaez.com\/it\/?s={search_term_string}"},"query-input":{"@type":"PropertyValueSpecification","valueRequired":true,"valueName":"search_term_string"}}],"inLanguage":"it-IT"}]}},"_links":{"self":[{"href":"https:\/\/emmasaez.com\/it\/wp-json\/wp\/v2\/pages\/1800","targetHints":{"allow":["GET"]}}],"collection":[{"href":"https:\/\/emmasaez.com\/it\/wp-json\/wp\/v2\/pages"}],"about":[{"href":"https:\/\/emmasaez.com\/it\/wp-json\/wp\/v2\/types\/page"}],"author":[{"embeddable":true,"href":"https:\/\/emmasaez.com\/it\/wp-json\/wp\/v2\/users\/1"}],"replies":[{"embeddable":true,"href":"https:\/\/emmasaez.com\/it\/wp-json\/wp\/v2\/comments?post=1800"}],"version-history":[{"count":17,"href":"https:\/\/emmasaez.com\/it\/wp-json\/wp\/v2\/pages\/1800\/revisions"}],"predecessor-version":[{"id":2165,"href":"https:\/\/emmasaez.com\/it\/wp-json\/wp\/v2\/pages\/1800\/revisions\/2165"}],"wp:attachment":[{"href":"https:\/\/emmasaez.com\/it\/wp-json\/wp\/v2\/media?parent=1800"}],"curies":[{"name":"wp","href":"https:\/\/api.w.org\/{rel}","templated":true}]}}