{"id":1572,"date":"2022-05-03T09:27:48","date_gmt":"2022-05-03T09:27:48","guid":{"rendered":"https:\/\/emmasaez.com\/aviso-legal\/"},"modified":"2025-08-26T15:38:19","modified_gmt":"2025-08-26T15:38:19","slug":"avviso-legale","status":"publish","type":"page","link":"https:\/\/emmasaez.com\/it\/avviso-legale\/","title":{"rendered":"Avviso legale"},"content":{"rendered":"\t\t<div data-elementor-type=\"wp-page\" data-elementor-id=\"1572\" class=\"elementor elementor-1572 elementor-388\" data-elementor-post-type=\"page\">\n\t\t\t\t\t\t<section class=\"elementor-section elementor-top-section elementor-element elementor-element-6264e565 elementor-section-boxed elementor-section-height-default elementor-section-height-default\" data-id=\"6264e565\" data-element_type=\"section\" data-e-type=\"section\">\n\t\t\t\t\t\t<div class=\"elementor-container elementor-column-gap-default\">\n\t\t\t\t\t<div class=\"elementor-column elementor-col-100 elementor-top-column elementor-element elementor-element-767ba4e1\" data-id=\"767ba4e1\" data-element_type=\"column\" data-e-type=\"column\">\n\t\t\t<div class=\"elementor-widget-wrap elementor-element-populated\">\n\t\t\t\t\t\t<div class=\"elementor-element elementor-element-4c3605c elementor-widget elementor-widget-heading\" data-id=\"4c3605c\" data-element_type=\"widget\" data-e-type=\"widget\" data-widget_type=\"heading.default\">\n\t\t\t\t<div class=\"elementor-widget-container\">\n\t\t\t\t\t<h1 class=\"elementor-heading-title elementor-size-default\">Aviso legal<\/h1>\t\t\t\t<\/div>\n\t\t\t\t<\/div>\n\t\t\t\t<div class=\"elementor-element elementor-element-31e7b099 elementor-widget elementor-widget-text-editor\" data-id=\"31e7b099\" data-element_type=\"widget\" data-e-type=\"widget\" data-widget_type=\"text-editor.default\">\n\t\t\t\t<div class=\"elementor-widget-container\">\n\t\t\t\t\t\t\t\t\t<div class=\"elementor-widget-container\">\n<ul>\n<li><span style=\"font-weight: 400;\">Nome commerciale: Emma S\u00e1ez Ceremonias<\/span><\/li>\n<li><span style=\"font-weight: 400;\">NIF e contatto: 20180657C (Emma S\u00e1ez Carbajo) <\/span><\/li>\n<li>Indirizzo registrato:&nbsp; Avda. Sim\u00f3n Bol\u00edvar, 30, 3 B, 48920, Vizcaya&nbsp;<\/li>\n<li><span style=\"font-weight: 400;\">Attivit\u00e0: Pianificazione e organizzazione di cerimonie <\/span><\/li>\n<li><span style=\"font-weight: 400;\">Email: <\/span><a href=\"mailto:hola@emmasaez.com\"><span style=\"font-weight: 400;\">hola@emmasaez.com<\/span><\/a><\/li>\n<\/ul>\n<p><span style=\"font-size: 16px; font-weight: 400;\">Emma S\u00e1ez Ceremonias (Emma S\u00e1ez Carbajo) in qualit\u00e0 di responsabile di questo sito web, si assume l&#8217;impegno di trattare le informazioni dei propri utenti e clienti con tutte le garanzie e di rispettare i requisiti nazionali ed europei che regolano la raccolta e l&#8217;uso dei dati personali dei propri utenti. Pertanto, questo sito web rispetta rigorosamente la Legge Organica 15\/1999, del 13 dicembre, sulla Protezione dei Dati di Carattere Personale (LOPD) e il Regio Decreto 1720\/2007, del 21 dicembre (LOPD). \u00c8 inoltre conforme al Regolamento (UE) 2016\/679 del Parlamento europeo e del Consiglio, del 27 aprile 2016, relativo alla protezione delle persone fisiche (GDPR), nonch\u00e9 alla Legge 34\/2002, dell&#8217;11 luglio, sui servizi della societ\u00e0 dell&#8217;informazione e il commercio elettronico (LSSICE o LSSI).<\/span><\/p>\n<p><span style=\"font-weight: 400;\">Il sito web di Emma S\u00e1ez Ceremonias ha lo scopo di fornire informazioni sui servizi dell&#8217;azienda e di fornire un modo per contattarmi per ulteriori informazioni sui nostri servizi: maestro di cerimonie, celebrante di matrimoni, celebrante di funerali laici, organizzazione di qualsiasi tipo di cerimonia.<\/span><\/p>\n<p><b>Termini di utilizzo:<\/b><b><br><\/b><span style=\"font-weight: 400;\">Chiunque acceda a questo sito web assume il ruolo di utente, impegnandosi all&#8217;osservanza e al rigoroso rispetto delle disposizioni qui stabilite, nonch\u00e9 di qualsiasi altre disposizioni di legge applicabili.<\/span><\/p>\n<p><span style=\"font-weight: 400;\">Il fornitore si riserva il diritto di modificare qualsiasi tipo di informazione che possa apparire sul sito web, senza alcun obbligo di notifica o informazione degli utenti di tali obblighi, restando inteso che la pubblicazione sul sito web del fornitore \u00e8 sufficiente.<\/span><\/p>\n<p><b>Dati che raccogliamo e privacy:<\/b><b><br><\/b><span style=\"font-weight: 400;\">Accedi alla nostra <a href=\"https:\/\/emmasaez.com\/it\/informativa-sulla-privacy\/\">Informativa sulla privacy qui.<\/a><\/span><\/p>\n<p><b>Impegni e obblighi degli utenti:<\/b><b><br><\/b><span style=\"font-weight: 400;\">I. Sei informato e accetti che l&#8217;accesso a questo sito web non implica in alcun modo l&#8217;inizio di un rapporto commerciale con Emma S\u00e1ez Ceremonies. Pertanto, l&#8217;utente si impegna a utilizzare questo sito web, i suoi servizi e contenuti nel rispetto della legislazione vigente, della buona fede e dell&#8217;ordine pubblico.<\/span><span style=\"font-weight: 400;\"><br><\/span><span style=\"font-weight: 400;\">II. \u00c8 vietato l&#8217;uso del sito web per scopi illegali o dannosi o che possano causare qualsiasi tipo di problema o danno o impedire il normale funzionamento del sito web.<\/span><span style=\"font-weight: 400;\"><br><\/span><span style=\"font-weight: 400;\">III. L&#8217;utente si impegna a non adottare alcuna condotta che possa danneggiare l&#8217;immagine, gli interessi e i diritti di Emma S\u00e1ez Ceremonies o di terzi. O che possano danneggiare, disabilitare o sovraccaricare emmasaez.com, impedendo in qualsiasi modo il normale utilizzo del sito web.<\/span><\/p>\n<p><span style=\"font-weight: 400;\">Per quanto riguarda i contenuti di questo sito web, \u00e8 vietato quanto segue:<\/span><span style=\"font-weight: 400;\"><br><\/span><span style=\"font-weight: 400;\">\u2013 La sua riproduzione, distribuzione o modifica, in tutto o in parte, salvo autorizzazione di Emma S\u00e1ez Ceremonias.<\/span><span style=\"font-weight: 400;\"><br><\/span><span style=\"font-weight: 400;\">\u2013 Qualsiasi violazione del copyright di Emma S\u00e1ez Ceremonias.<\/span><span style=\"font-weight: 400;\"><br><\/span><span style=\"font-weight: 400;\">\u2013 Il suo utilizzo a fini commerciali o pubblicitari.<\/span><\/p>\n<p><b>Sicurezza misure<\/b><b><br><\/b><span style=\"font-weight: 400;\">I dati personali che potresti comunicare a Emma S\u00e1ez Ceremonias come Utente di emmasaez.com potranno essere archiviati in database di propriet\u00e0 esclusiva di Emma S\u00e1ez Ceremonias, che adotta tutte le misure tecniche, organizzative e di sicurezza che garantiscono la riservatezza, l&#8217;integrit\u00e0 e la qualit\u00e0 delle informazioni in essi contenute, in conformit\u00e0 con quanto previsto dalla normativa vigente in materia di protezione dei dati.<\/span><\/p>\n<p><span style=\"font-weight: 400;\">Puoi verificare che la comunicazione tra l&#8217;Utente ed emmasaez.com utilizzi un canale sicuro. I dati trasmessi sono cifrados grazie al protocollo HTTPS, garantendo le migliori condizioni di sicurezza per la riservatezza dell&#8217;utente.<\/span><span style=\"font-weight: 400;\"><br><\/span><span style=\"font-weight: 400;\">Su emmasaez.com adottiamo misure di sicurezza adeguate per rilevare l&#8217;esistenza di virus e qualsiasi altro tipo di attacco.<\/span><span style=\"font-weight: 400;\"><br><\/span><span style=\"font-weight: 400;\">Tuttavia, l&#8217;Utente deve essere consapevole che le misure di sicurezza dei sistemi informatici su Internet non sono del tutto affidabili, pertanto su emmasaez.com non possiamo garantire completamente l&#8217;assenza di virus o altri elementi che possano causare alterazioni ai sistemi informatici dell&#8217;Utente (software e hardware) o ai suoi documenti elettronici e ai file in essi contenuti a causa di cattive pratiche di terzi.<\/span><\/p>\n<p><b>Informazioni sui link esterni (da o verso altri siti)<\/b><b><br><\/b><span style=\"font-weight: 400;\">Il Gli articoli e le pagine del sito web emmasaez.com contengono link ad altri siti web e contenuti di propriet\u00e0 di terze parti, come contenuti, risorse, strumenti o link di affiliazione. L&#8217;unico scopo dei link \u00e8 fornire all&#8217;Utente la possibilit\u00e0 di accedere a tali siti. <\/span><span style=\"font-weight: 400;\">Pertanto, emmasaez.com non \u00e8 in alcun caso responsabile per qualsiasi cosa possa accadere indirizzando l&#8217;Utente tramite questi link.<\/span><\/p>\n<p><span style=\"font-weight: 400;\">Per quanto riguarda i link in entrata al sito web, Emma S\u00e1ez Ceremonias AUTORIZZA i link da altri siti web, notizie o blog correlati. (Finch\u00e9 ci\u00f2 serva ad aggiungere valore ad altre pagine e senza ledere gli interessi di Emma S\u00e1ez Ceremonias).<\/span><\/p>\n<p><span style=\"font-weight: 400;\">Il fatto che terze parti creino un collegamento a questo sito web non implica in alcun caso che esista una relazione tra emmasaez.com e il proprietario del sito a cui viene aggiunto il collegamento, n\u00e9 l&#8217;accettazione o l&#8217;approvazione da parte di emmasaez.com dei suoi contenuti o servizi.<\/span><\/p>\n<p><b>Esclusione di garanzie e responsabilit\u00e0<\/b><b><br><\/b><span style=\"font-weight: 400;\">Emma S\u00e1ez Ceremonias non offre alcuna garanzia n\u00e9 \u00e8 responsabile, in nessun caso, per danni di qualsiasi natura che possano derivare da:<\/span><span style=\"font-weight: 400;\"><br><\/span><span style=\"font-weight: 400;\">\u2022 La mancanza di disponibilit\u00e0, manutenzione ed efficace funzionamento del sito web o dei suoi servizi e contenuti.<\/span><span style=\"font-weight: 400;\"><br><\/span><span style=\"font-weight: 400;\">\u2022 L&#8217;esistenza di virus, malware, programmi dannosi o maligni nei contenuti.<\/span><span style=\"font-weight: 400;\"><br><\/span><span style=\"font-weight: 400;\">\u2022 L&#8217;uso illecito, negligente, fraudolento o contrario al presente Avviso Legale.<\/span><span style=\"font-weight: 400;\"><br><\/span><span style=\"font-weight: 400;\">\u2022 Dei danni che possono derivare dall&#8217;uso illegale o improprio di questo sito web.<\/span><span style=\"font-weight: 400;\"><br><\/span><span style=\"font-weight: 400;\">Emma S\u00e1ez Ceremonias non \u00e8 responsabile in nessun caso per i danni che possono derivare dall&#8217;uso illegale o improprio di questo sito web.<\/span><\/p>\n<p><b>Legge applicabile e giurisdizione<\/b><b><br><\/b><span style=\"font-weight: 400;\">In generale, i rapporti tra emmasaez.com e gli Utenti, in merito all&#8217;utilizzo del sito web, sono soggetti alla legislazione e alla giurisdizione spagnola, a cui le parti si sottopongono espressamente, essendo competenti per la risoluzione di tutti i conflitti derivanti o correlati al suo utilizzo i Tribunali di Madrid.<\/span><\/p>\n<p><b>Contatti<\/b><b><br><\/b><span style=\"font-weight: 400;\">Nel caso in cui, in qualit\u00e0 di Utente, abbiate domande sulle presenti Condizioni Legali o desideriate esprimere commenti su questo sito web, potete scrivere a hola@emmasaez.com<\/span><\/p>\n<p><span style=\"font-weight: 400;\"><br><\/span><span style=\"font-weight: 400;\">Il presente Avviso Legale \u00e8 stato revisionato e pubblicato il 29 luglio 2025.<\/span><\/p>\n<\/div>\t\t\t\t\t\t\t\t<\/div>\n\t\t\t\t<\/div>\n\t\t\t\t\t<\/div>\n\t\t<\/div>\n\t\t\t\t\t<\/div>\n\t\t<\/section>\n\t\t\t\t<\/div>\n\t\t","protected":false},"excerpt":{"rendered":"<p>Aviso legal Nome commerciale: Emma S\u00e1ez Ceremonias NIF e contatto: 20180657C (Emma S\u00e1ez Carbajo) Indirizzo registrato:&nbsp; Avda. Sim\u00f3n Bol\u00edvar, 30, 3 B, 48920, Vizcaya&nbsp; Attivit\u00e0: Pianificazione e organizzazione di cerimonie Email: hola@emmasaez.com Emma S\u00e1ez Ceremonias (Emma S\u00e1ez Carbajo) in qualit\u00e0 di responsabile di questo sito web, si assume l&#8217;impegno di trattare le informazioni dei propri [&hellip;]<\/p>\n","protected":false},"author":1,"featured_media":0,"parent":0,"menu_order":0,"comment_status":"closed","ping_status":"closed","template":"elementor_header_footer","meta":{"site-sidebar-layout":"default","site-content-layout":"","ast-site-content-layout":"default","site-content-style":"default","site-sidebar-style":"default","ast-global-header-display":"","ast-banner-title-visibility":"","ast-main-header-display":"","ast-hfb-above-header-display":"","ast-hfb-below-header-display":"","ast-hfb-mobile-header-display":"","site-post-title":"","ast-breadcrumbs-content":"","ast-featured-img":"","footer-sml-layout":"","ast-disable-related-posts":"","theme-transparent-header-meta":"","adv-header-id-meta":"","stick-header-meta":"","header-above-stick-meta":"","header-main-stick-meta":"","header-below-stick-meta":"","astra-migrate-meta-layouts":"set","ast-page-background-enabled":"default","ast-page-background-meta":{"desktop":{"background-color":"var(--ast-global-color-4)","background-image":"","background-repeat":"repeat","background-position":"center center","background-size":"auto","background-attachment":"scroll","background-type":"","background-media":"","overlay-type":"","overlay-color":"","overlay-opacity":"","overlay-gradient":""},"tablet":{"background-color":"","background-image":"","background-repeat":"repeat","background-position":"center center","background-size":"auto","background-attachment":"scroll","background-type":"","background-media":"","overlay-type":"","overlay-color":"","overlay-opacity":"","overlay-gradient":""},"mobile":{"background-color":"","background-image":"","background-repeat":"repeat","background-position":"center center","background-size":"auto","background-attachment":"scroll","background-type":"","background-media":"","overlay-type":"","overlay-color":"","overlay-opacity":"","overlay-gradient":""}},"ast-content-background-meta":{"desktop":{"background-color":"var(--ast-global-color-5)","background-image":"","background-repeat":"repeat","background-position":"center center","background-size":"auto","background-attachment":"scroll","background-type":"","background-media":"","overlay-type":"","overlay-color":"","overlay-opacity":"","overlay-gradient":""},"tablet":{"background-color":"var(--ast-global-color-5)","background-image":"","background-repeat":"repeat","background-position":"center center","background-size":"auto","background-attachment":"scroll","background-type":"","background-media":"","overlay-type":"","overlay-color":"","overlay-opacity":"","overlay-gradient":""},"mobile":{"background-color":"var(--ast-global-color-5)","background-image":"","background-repeat":"repeat","background-position":"center center","background-size":"auto","background-attachment":"scroll","background-type":"","background-media":"","overlay-type":"","overlay-color":"","overlay-opacity":"","overlay-gradient":""}},"footnotes":""},"class_list":["post-1572","page","type-page","status-publish","hentry"],"yoast_head":"<!-- This site is optimized with the Yoast SEO plugin v26.9 - https:\/\/yoast.com\/product\/yoast-seo-wordpress\/ -->\n<title>Avviso legale -<\/title>\n<meta name=\"robots\" content=\"index, follow, max-snippet:-1, max-image-preview:large, max-video-preview:-1\" \/>\n<link rel=\"canonical\" href=\"https:\/\/emmasaez.com\/it\/avviso-legale\/\" \/>\n<meta property=\"og:locale\" content=\"it_IT\" \/>\n<meta property=\"og:type\" content=\"article\" \/>\n<meta property=\"og:title\" content=\"Avviso legale -\" \/>\n<meta property=\"og:description\" content=\"Aviso legal Nome commerciale: Emma S\u00e1ez Ceremonias NIF e contatto: 20180657C (Emma S\u00e1ez Carbajo) Indirizzo registrato:&nbsp; Avda. Sim\u00f3n Bol\u00edvar, 30, 3 B, 48920, Vizcaya&nbsp; Attivit\u00e0: Pianificazione e organizzazione di cerimonie Email: hola@emmasaez.com Emma S\u00e1ez Ceremonias (Emma S\u00e1ez Carbajo) in qualit\u00e0 di responsabile di questo sito web, si assume l&#8217;impegno di trattare le informazioni dei propri [&hellip;]\" \/>\n<meta property=\"og:url\" content=\"https:\/\/emmasaez.com\/it\/avviso-legale\/\" \/>\n<meta property=\"article:modified_time\" content=\"2025-08-26T15:38:19+00:00\" \/>\n<meta name=\"twitter:card\" content=\"summary_large_image\" \/>\n<meta name=\"twitter:label1\" content=\"Tempo di lettura stimato\" \/>\n\t<meta name=\"twitter:data1\" content=\"11 minuti\" \/>\n<script type=\"application\/ld+json\" class=\"yoast-schema-graph\">{\"@context\":\"https:\/\/schema.org\",\"@graph\":[{\"@type\":\"WebPage\",\"@id\":\"https:\/\/emmasaez.com\/it\/avviso-legale\/\",\"url\":\"https:\/\/emmasaez.com\/it\/avviso-legale\/\",\"name\":\"Avviso legale -\",\"isPartOf\":{\"@id\":\"https:\/\/emmasaez.com\/it\/#website\"},\"datePublished\":\"2022-05-03T09:27:48+00:00\",\"dateModified\":\"2025-08-26T15:38:19+00:00\",\"breadcrumb\":{\"@id\":\"https:\/\/emmasaez.com\/it\/avviso-legale\/#breadcrumb\"},\"inLanguage\":\"it-IT\",\"potentialAction\":[{\"@type\":\"ReadAction\",\"target\":[\"https:\/\/emmasaez.com\/it\/avviso-legale\/\"]}]},{\"@type\":\"BreadcrumbList\",\"@id\":\"https:\/\/emmasaez.com\/it\/avviso-legale\/#breadcrumb\",\"itemListElement\":[{\"@type\":\"ListItem\",\"position\":1,\"name\":\"Portada\",\"item\":\"https:\/\/emmasaez.com\/it\/home\/\"},{\"@type\":\"ListItem\",\"position\":2,\"name\":\"Avviso legale\"}]},{\"@type\":\"WebSite\",\"@id\":\"https:\/\/emmasaez.com\/it\/#website\",\"url\":\"https:\/\/emmasaez.com\/it\/\",\"name\":\"\",\"description\":\"Emma Saez | Maestra de Ceremonias\",\"potentialAction\":[{\"@type\":\"SearchAction\",\"target\":{\"@type\":\"EntryPoint\",\"urlTemplate\":\"https:\/\/emmasaez.com\/it\/?s={search_term_string}\"},\"query-input\":{\"@type\":\"PropertyValueSpecification\",\"valueRequired\":true,\"valueName\":\"search_term_string\"}}],\"inLanguage\":\"it-IT\"}]}<\/script>\n<!-- \/ Yoast SEO plugin. -->","yoast_head_json":{"title":"Avviso legale -","robots":{"index":"index","follow":"follow","max-snippet":"max-snippet:-1","max-image-preview":"max-image-preview:large","max-video-preview":"max-video-preview:-1"},"canonical":"https:\/\/emmasaez.com\/it\/avviso-legale\/","og_locale":"it_IT","og_type":"article","og_title":"Avviso legale -","og_description":"Aviso legal Nome commerciale: Emma S\u00e1ez Ceremonias NIF e contatto: 20180657C (Emma S\u00e1ez Carbajo) Indirizzo registrato:&nbsp; Avda. Sim\u00f3n Bol\u00edvar, 30, 3 B, 48920, Vizcaya&nbsp; Attivit\u00e0: Pianificazione e organizzazione di cerimonie Email: hola@emmasaez.com Emma S\u00e1ez Ceremonias (Emma S\u00e1ez Carbajo) in qualit\u00e0 di responsabile di questo sito web, si assume l&#8217;impegno di trattare le informazioni dei propri [&hellip;]","og_url":"https:\/\/emmasaez.com\/it\/avviso-legale\/","article_modified_time":"2025-08-26T15:38:19+00:00","twitter_card":"summary_large_image","twitter_misc":{"Tempo di lettura stimato":"11 minuti"},"schema":{"@context":"https:\/\/schema.org","@graph":[{"@type":"WebPage","@id":"https:\/\/emmasaez.com\/it\/avviso-legale\/","url":"https:\/\/emmasaez.com\/it\/avviso-legale\/","name":"Avviso legale -","isPartOf":{"@id":"https:\/\/emmasaez.com\/it\/#website"},"datePublished":"2022-05-03T09:27:48+00:00","dateModified":"2025-08-26T15:38:19+00:00","breadcrumb":{"@id":"https:\/\/emmasaez.com\/it\/avviso-legale\/#breadcrumb"},"inLanguage":"it-IT","potentialAction":[{"@type":"ReadAction","target":["https:\/\/emmasaez.com\/it\/avviso-legale\/"]}]},{"@type":"BreadcrumbList","@id":"https:\/\/emmasaez.com\/it\/avviso-legale\/#breadcrumb","itemListElement":[{"@type":"ListItem","position":1,"name":"Portada","item":"https:\/\/emmasaez.com\/it\/home\/"},{"@type":"ListItem","position":2,"name":"Avviso legale"}]},{"@type":"WebSite","@id":"https:\/\/emmasaez.com\/it\/#website","url":"https:\/\/emmasaez.com\/it\/","name":"","description":"Emma Saez | Maestra de Ceremonias","potentialAction":[{"@type":"SearchAction","target":{"@type":"EntryPoint","urlTemplate":"https:\/\/emmasaez.com\/it\/?s={search_term_string}"},"query-input":{"@type":"PropertyValueSpecification","valueRequired":true,"valueName":"search_term_string"}}],"inLanguage":"it-IT"}]}},"_links":{"self":[{"href":"https:\/\/emmasaez.com\/it\/wp-json\/wp\/v2\/pages\/1572","targetHints":{"allow":["GET"]}}],"collection":[{"href":"https:\/\/emmasaez.com\/it\/wp-json\/wp\/v2\/pages"}],"about":[{"href":"https:\/\/emmasaez.com\/it\/wp-json\/wp\/v2\/types\/page"}],"author":[{"embeddable":true,"href":"https:\/\/emmasaez.com\/it\/wp-json\/wp\/v2\/users\/1"}],"replies":[{"embeddable":true,"href":"https:\/\/emmasaez.com\/it\/wp-json\/wp\/v2\/comments?post=1572"}],"version-history":[{"count":13,"href":"https:\/\/emmasaez.com\/it\/wp-json\/wp\/v2\/pages\/1572\/revisions"}],"predecessor-version":[{"id":1920,"href":"https:\/\/emmasaez.com\/it\/wp-json\/wp\/v2\/pages\/1572\/revisions\/1920"}],"wp:attachment":[{"href":"https:\/\/emmasaez.com\/it\/wp-json\/wp\/v2\/media?parent=1572"}],"curies":[{"name":"wp","href":"https:\/\/api.w.org\/{rel}","templated":true}]}}