{"id":1202,"date":"2025-06-17T10:30:37","date_gmt":"2025-06-17T10:30:37","guid":{"rendered":"https:\/\/emmasaez.com\/consulenza-online-per-i-funzionari-non-professionisti\/"},"modified":"2025-08-13T14:22:06","modified_gmt":"2025-08-13T14:22:06","slug":"consulenza-online-per-i-funzionari-non-professionisti","status":"publish","type":"page","link":"https:\/\/emmasaez.com\/it\/consulenza-online-per-i-funzionari-non-professionisti\/","title":{"rendered":"Consulenza online per i funzionari non professionisti"},"content":{"rendered":"\t\t<div data-elementor-type=\"wp-page\" data-elementor-id=\"1202\" class=\"elementor elementor-1202 elementor-953\" data-elementor-post-type=\"page\">\n\t\t\t\t\t\t<section class=\"elementor-section elementor-top-section elementor-element elementor-element-9262a95 elementor-section-boxed elementor-section-height-default elementor-section-height-default\" data-id=\"9262a95\" data-element_type=\"section\" data-e-type=\"section\">\n\t\t\t\t\t\t<div class=\"elementor-container elementor-column-gap-default\">\n\t\t\t\t\t<div class=\"elementor-column elementor-col-100 elementor-top-column elementor-element elementor-element-2a74a2c\" data-id=\"2a74a2c\" data-element_type=\"column\" data-e-type=\"column\">\n\t\t\t<div class=\"elementor-widget-wrap elementor-element-populated\">\n\t\t\t\t\t\t<section class=\"elementor-section elementor-inner-section elementor-element elementor-element-ebfcdef elementor-section-boxed elementor-section-height-default elementor-section-height-default\" data-id=\"ebfcdef\" data-element_type=\"section\" data-e-type=\"section\">\n\t\t\t\t\t\t<div class=\"elementor-container elementor-column-gap-default\">\n\t\t\t\t\t<div class=\"elementor-column elementor-col-100 elementor-inner-column elementor-element elementor-element-c746fb0\" data-id=\"c746fb0\" data-element_type=\"column\" data-e-type=\"column\">\n\t\t\t<div class=\"elementor-widget-wrap elementor-element-populated\">\n\t\t\t\t\t\t<div class=\"elementor-element elementor-element-d97204b elementor-widget elementor-widget-heading\" data-id=\"d97204b\" data-element_type=\"widget\" data-e-type=\"widget\" data-widget_type=\"heading.default\">\n\t\t\t\t<div class=\"elementor-widget-container\">\n\t\t\t\t\t<h1 class=\"elementor-heading-title elementor-size-default\">Consulenza 1:1<\/h1>\t\t\t\t<\/div>\n\t\t\t\t<\/div>\n\t\t\t\t\t<\/div>\n\t\t<\/div>\n\t\t\t\t\t<\/div>\n\t\t<\/section>\n\t\t\t\t<div class=\"elementor-element elementor-element-ef8f2be elementor-widget elementor-widget-heading\" data-id=\"ef8f2be\" data-element_type=\"widget\" data-e-type=\"widget\" data-widget_type=\"heading.default\">\n\t\t\t\t<div class=\"elementor-widget-container\">\n\t\t\t\t\t<p class=\"elementor-heading-title elementor-size-default\">Ti hanno chiesto di officiare un matrimonio? Ti aiuto a farlo nel modo giusto. \n<\/p>\t\t\t\t<\/div>\n\t\t\t\t<\/div>\n\t\t\t\t<div class=\"elementor-element elementor-element-c822892 elementor-widget elementor-widget-heading\" data-id=\"c822892\" data-element_type=\"widget\" data-e-type=\"widget\" data-widget_type=\"heading.default\">\n\t\t\t\t<div class=\"elementor-widget-container\">\n\t\t\t\t\t<p class=\"elementor-heading-title elementor-size-default\">Ti hanno chiesto di officiare una cerimonia simbolica e non sai da dove iniziare?<\/p>\t\t\t\t<\/div>\n\t\t\t\t<\/div>\n\t\t\t\t<section class=\"elementor-section elementor-inner-section elementor-element elementor-element-cef5628 elementor-reverse-mobile elementor-section-boxed elementor-section-height-default elementor-section-height-default\" data-id=\"cef5628\" data-element_type=\"section\" data-e-type=\"section\">\n\t\t\t\t\t\t<div class=\"elementor-container elementor-column-gap-wide\">\n\t\t\t\t\t<div class=\"elementor-column elementor-col-50 elementor-inner-column elementor-element elementor-element-1ca0fc0\" data-id=\"1ca0fc0\" data-element_type=\"column\" data-e-type=\"column\">\n\t\t\t<div class=\"elementor-widget-wrap elementor-element-populated\">\n\t\t\t\t\t\t<div class=\"elementor-element elementor-element-9b37b01 elementor-widget elementor-widget-text-editor\" data-id=\"9b37b01\" data-element_type=\"widget\" data-e-type=\"widget\" data-widget_type=\"text-editor.default\">\n\t\t\t\t<div class=\"elementor-widget-container\">\n\t\t\t\t\t\t\t\t\t<p>Che onore cos\u00ec bello! Ma anche&#8230; che responsabilit\u00e0, vero?<\/p><p>Se ti hanno scelto, \u00e8 perch\u00e9 si fidano di te, e la mia missione \u00e8 aiutarti a essere all&#8217;altezza senza stress.<\/p><p>In questa sessione online 1:1 ti accompagno passo dopo passo affinch\u00e9 tu sappia:<\/p><ul><li>Come strutturare la cerimonia<\/li><li>Cosa dire (e cosa evitare)<\/li><li>Come scrivere un copione emotivo e autentico<\/li><li>Consigli per parlare in pubblico con sicurezza<\/li><li>Risorse e trucchi per far fluire tutto con naturalezza<\/li><\/ul><p>Non \u00e8 necessario essere esperti, basta volerlo fare bene.<\/p><p>Io ti fornir\u00f2 la guida e la calma affinch\u00e9 tu possa goderti il processo e commuovere tutti&#8230; inclusa la coppia.<\/p><p><b><br \/>Ci vediamo sullo schermo e lo prepariamo insieme?<\/b><\/p>\t\t\t\t\t\t\t\t<\/div>\n\t\t\t\t<\/div>\n\t\t\t\t\t<\/div>\n\t\t<\/div>\n\t\t\t\t<div class=\"elementor-column elementor-col-50 elementor-inner-column elementor-element elementor-element-036c9e7\" data-id=\"036c9e7\" data-element_type=\"column\" data-e-type=\"column\">\n\t\t\t<div class=\"elementor-widget-wrap elementor-element-populated\">\n\t\t\t\t\t\t<div class=\"elementor-element elementor-element-5870532 elementor-widget elementor-widget-image\" data-id=\"5870532\" data-element_type=\"widget\" data-e-type=\"widget\" data-widget_type=\"image.default\">\n\t\t\t\t<div class=\"elementor-widget-container\">\n\t\t\t\t\t\t\t\t\t\t\t\t\t\t\t<img fetchpriority=\"high\" decoding=\"async\" width=\"900\" height=\"901\" src=\"https:\/\/emmasaez.com\/wp-content\/uploads\/2025\/06\/fondo-micro.jpg\" class=\"attachment-large size-large wp-image-1155\" alt=\"fondo-micro\" srcset=\"https:\/\/emmasaez.com\/wp-content\/uploads\/2025\/06\/fondo-micro.jpg 900w, https:\/\/emmasaez.com\/wp-content\/uploads\/2025\/06\/fondo-micro-300x300.jpg 300w, https:\/\/emmasaez.com\/wp-content\/uploads\/2025\/06\/fondo-micro-150x150.jpg 150w, https:\/\/emmasaez.com\/wp-content\/uploads\/2025\/06\/fondo-micro-768x769.jpg 768w\" sizes=\"(max-width: 900px) 100vw, 900px\" \/>\t\t\t\t\t\t\t\t\t\t\t\t\t\t\t<\/div>\n\t\t\t\t<\/div>\n\t\t\t\t\t<\/div>\n\t\t<\/div>\n\t\t\t\t\t<\/div>\n\t\t<\/section>\n\t\t\t\t\t<\/div>\n\t\t<\/div>\n\t\t\t\t\t<\/div>\n\t\t<\/section>\n\t\t\t\t<section class=\"elementor-section elementor-top-section elementor-element elementor-element-8b41510 elementor-section-boxed elementor-section-height-default elementor-section-height-default\" data-id=\"8b41510\" data-element_type=\"section\" data-e-type=\"section\">\n\t\t\t\t\t\t<div class=\"elementor-container elementor-column-gap-default\">\n\t\t\t\t\t<div class=\"elementor-column elementor-col-50 elementor-top-column elementor-element elementor-element-41c2aac\" data-id=\"41c2aac\" data-element_type=\"column\" data-e-type=\"column\">\n\t\t\t<div class=\"elementor-widget-wrap elementor-element-populated\">\n\t\t\t\t\t\t<div class=\"elementor-element elementor-element-55ee6d3 elementor-widget elementor-widget-heading\" data-id=\"55ee6d3\" data-element_type=\"widget\" data-e-type=\"widget\" data-widget_type=\"heading.default\">\n\t\t\t\t<div class=\"elementor-widget-container\">\n\t\t\t\t\t<h2 class=\"elementor-heading-title elementor-size-default\">Contattatemi<\/h2>\t\t\t\t<\/div>\n\t\t\t\t<\/div>\n\t\t\t\t<div class=\"elementor-element elementor-element-d324e78 elementor-hidden-tablet elementor-hidden-mobile elementor-view-default elementor-widget elementor-widget-icon\" data-id=\"d324e78\" data-element_type=\"widget\" data-e-type=\"widget\" data-widget_type=\"icon.default\">\n\t\t\t\t<div class=\"elementor-widget-container\">\n\t\t\t\t\t\t\t<div class=\"elementor-icon-wrapper\">\n\t\t\t<div class=\"elementor-icon\">\n\t\t\t<i aria-hidden=\"true\" class=\"fas fa-arrow-alt-circle-right\"><\/i>\t\t\t<\/div>\n\t\t<\/div>\n\t\t\t\t\t\t<\/div>\n\t\t\t\t<\/div>\n\t\t\t\t<div class=\"elementor-element elementor-element-6198e0c elementor-widget elementor-widget-text-editor\" data-id=\"6198e0c\" data-element_type=\"widget\" data-e-type=\"widget\" data-widget_type=\"text-editor.default\">\n\t\t\t\t<div class=\"elementor-widget-container\">\n\t\t\t\t\t\t\t\t\t<p>Sar\u00f2 lieta di risponderti al pi\u00f9 presto e iniziare a progettare insieme la cerimonia su misura per il tuo evento.<\/p>\t\t\t\t\t\t\t\t<\/div>\n\t\t\t\t<\/div>\n\t\t\t\t\t<\/div>\n\t\t<\/div>\n\t\t\t\t<div class=\"elementor-column elementor-col-50 elementor-top-column elementor-element elementor-element-b95e12e\" data-id=\"b95e12e\" data-element_type=\"column\" data-e-type=\"column\">\n\t\t\t<div class=\"elementor-widget-wrap elementor-element-populated\">\n\t\t\t\t\t\t<div class=\"elementor-element elementor-element-0c478b7 elementor-button-align-stretch elementor-widget elementor-widget-form\" data-id=\"0c478b7\" data-element_type=\"widget\" data-e-type=\"widget\" data-settings=\"{&quot;step_next_label&quot;:&quot;Next&quot;,&quot;step_previous_label&quot;:&quot;Previous&quot;,&quot;button_width&quot;:&quot;100&quot;,&quot;step_type&quot;:&quot;number_text&quot;,&quot;step_icon_shape&quot;:&quot;circle&quot;}\" data-widget_type=\"form.default\">\n\t\t\t\t<div class=\"elementor-widget-container\">\n\t\t\t\t\t\t\t<form class=\"elementor-form\" method=\"post\" name=\"New Form\" aria-label=\"New Form\">\n\t\t\t<input type=\"hidden\" name=\"post_id\" value=\"1202\"\/>\n\t\t\t<input type=\"hidden\" name=\"form_id\" value=\"0c478b7\"\/>\n\t\t\t<input type=\"hidden\" name=\"referer_title\" value=\"Consulenza online per i funzionari non professionisti -\" \/>\n\n\t\t\t\t\t\t\t<input type=\"hidden\" name=\"queried_id\" value=\"1202\"\/>\n\t\t\t\n\t\t\t<div class=\"elementor-form-fields-wrapper elementor-labels-above\">\n\t\t\t\t\t\t\t\t<div class=\"elementor-field-type-text elementor-field-group elementor-column elementor-field-group-name elementor-col-100 elementor-field-required\">\n\t\t\t\t\t\t\t\t\t\t\t\t\t<input size=\"1\" type=\"text\" name=\"form_fields[name]\" id=\"form-field-name\" class=\"elementor-field elementor-size-sm  elementor-field-textual\" placeholder=\"Nome e cognome  *\" required=\"required\">\n\t\t\t\t\t\t\t\t\t\t\t<\/div>\n\t\t\t\t\t\t\t\t<div class=\"elementor-field-type-email elementor-field-group elementor-column elementor-field-group-email elementor-col-100 elementor-field-required\">\n\t\t\t\t\t\t\t\t\t\t\t\t\t<input size=\"1\" type=\"email\" name=\"form_fields[email]\" id=\"form-field-email\" class=\"elementor-field elementor-size-sm  elementor-field-textual\" placeholder=\"Email *\" required=\"required\">\n\t\t\t\t\t\t\t\t\t\t\t<\/div>\n\t\t\t\t\t\t\t\t<div class=\"elementor-field-type-tel elementor-field-group elementor-column elementor-field-group-field_0d2cd04 elementor-col-100\">\n\t\t\t\t\t\t\t<input size=\"1\" type=\"tel\" name=\"form_fields[field_0d2cd04]\" id=\"form-field-field_0d2cd04\" class=\"elementor-field elementor-size-sm  elementor-field-textual\" placeholder=\"Numero di telefono *\" pattern=\"[0-9()#&amp;+*-=.]+\" title=\"Sono accettati solo numeri e caratteri telefonici (#, -, *, ecc.).\">\n\n\t\t\t\t\t\t<\/div>\n\t\t\t\t\t\t\t\t<div class=\"elementor-field-type-textarea elementor-field-group elementor-column elementor-field-group-message elementor-col-100\">\n\t\t\t\t\t<textarea class=\"elementor-field-textual elementor-field  elementor-size-sm\" name=\"form_fields[message]\" id=\"form-field-message\" rows=\"4\" placeholder=\"Lascia qui il tuo messaggio\"><\/textarea>\t\t\t\t<\/div>\n\t\t\t\t\t\t\t\t<div class=\"elementor-field-type-recaptcha_v3 elementor-field-group elementor-column elementor-field-group-field_293756a elementor-col-100 recaptcha_v3-bottomright\">\n\t\t\t\t\t<div class=\"elementor-field\" id=\"form-field-field_293756a\"><div class=\"elementor-g-recaptcha\" data-sitekey=\"6Le3kjokAAAAAH2cBHaSL1bfXozKwCnQRRvU8TxA\" data-type=\"v3\" data-action=\"Form\" data-badge=\"bottomright\" data-size=\"invisible\"><\/div><\/div>\t\t\t\t<\/div>\n\t\t\t\t\t\t\t\t<div class=\"elementor-field-type-text\">\n\t\t\t\t\t<input size=\"1\" type=\"text\" name=\"form_fields[field_a17e537]\" id=\"form-field-field_a17e537\" class=\"elementor-field elementor-size-sm \" style=\"display:none !important;\">\t\t\t\t<\/div>\n\t\t\t\t\t\t\t\t<div class=\"elementor-field-type-acceptance elementor-field-group elementor-column elementor-field-group-field_4d9dec4 elementor-col-100\">\n\t\t\t\t\t\t\t<div class=\"elementor-field-subgroup\">\n\t\t\t<span class=\"elementor-field-option\">\n\t\t\t\t<input type=\"checkbox\" name=\"form_fields[field_4d9dec4]\" id=\"form-field-field_4d9dec4\" class=\"elementor-field elementor-size-sm  elementor-acceptance-field\" checked=\"checked\">\n\t\t\t\t<label for=\"form-field-field_4d9dec4\">Ho letto e <a href=\"https:\/\/emmasaez.com\/privacy-policy\/\" target=\"_blank\">accetto l'informativa sulla privacy<\/a><\/label>\t\t\t<\/span>\n\t\t<\/div>\n\t\t\t\t\t\t<\/div>\n\t\t\t\t\t\t\t\t<div class=\"elementor-field-group elementor-column elementor-field-type-submit elementor-col-100 e-form__buttons\">\n\t\t\t\t\t<button class=\"elementor-button elementor-size-sm\" type=\"submit\">\n\t\t\t\t\t\t<span class=\"elementor-button-content-wrapper\">\n\t\t\t\t\t\t\t\t\t\t\t\t\t\t\t\t\t\t\t\t\t\t<span class=\"elementor-button-text\">Contattami!<\/span>\n\t\t\t\t\t\t\t\t\t\t\t\t\t<\/span>\n\t\t\t\t\t<\/button>\n\t\t\t\t<\/div>\n\t\t\t<\/div>\n\t\t<\/form>\n\t\t\t\t\t\t<\/div>\n\t\t\t\t<\/div>\n\t\t\t\t\t<\/div>\n\t\t<\/div>\n\t\t\t\t\t<\/div>\n\t\t<\/section>\n\t\t\t\t<\/div>\n\t\t","protected":false},"excerpt":{"rendered":"<p>Consulenza 1:1 Ti hanno chiesto di officiare un matrimonio? Ti aiuto a farlo nel modo giusto. Ti hanno chiesto di officiare una cerimonia simbolica e non sai da dove iniziare? Che onore cos\u00ec bello! Ma anche&#8230; che responsabilit\u00e0, vero? Se ti hanno scelto, \u00e8 perch\u00e9 si fidano di te, e la mia missione \u00e8 aiutarti [&hellip;]<\/p>\n","protected":false},"author":4,"featured_media":0,"parent":0,"menu_order":0,"comment_status":"closed","ping_status":"closed","template":"","meta":{"site-sidebar-layout":"no-sidebar","site-content-layout":"page-builder","ast-site-content-layout":"default","site-content-style":"default","site-sidebar-style":"default","ast-global-header-display":"","ast-banner-title-visibility":"","ast-main-header-display":"","ast-hfb-above-header-display":"","ast-hfb-below-header-display":"","ast-hfb-mobile-header-display":"","site-post-title":"disabled","ast-breadcrumbs-content":"","ast-featured-img":"disabled","footer-sml-layout":"","ast-disable-related-posts":"","theme-transparent-header-meta":"","adv-header-id-meta":"","stick-header-meta":"","header-above-stick-meta":"","header-main-stick-meta":"","header-below-stick-meta":"","astra-migrate-meta-layouts":"default","ast-page-background-enabled":"default","ast-page-background-meta":{"desktop":{"background-color":"var(--ast-global-color-4)","background-image":"","background-repeat":"repeat","background-position":"center center","background-size":"auto","background-attachment":"scroll","background-type":"","background-media":"","overlay-type":"","overlay-color":"","overlay-opacity":"","overlay-gradient":""},"tablet":{"background-color":"","background-image":"","background-repeat":"repeat","background-position":"center center","background-size":"auto","background-attachment":"scroll","background-type":"","background-media":"","overlay-type":"","overlay-color":"","overlay-opacity":"","overlay-gradient":""},"mobile":{"background-color":"","background-image":"","background-repeat":"repeat","background-position":"center center","background-size":"auto","background-attachment":"scroll","background-type":"","background-media":"","overlay-type":"","overlay-color":"","overlay-opacity":"","overlay-gradient":""}},"ast-content-background-meta":{"desktop":{"background-color":"var(--ast-global-color-5)","background-image":"","background-repeat":"repeat","background-position":"center center","background-size":"auto","background-attachment":"scroll","background-type":"","background-media":"","overlay-type":"","overlay-color":"","overlay-opacity":"","overlay-gradient":""},"tablet":{"background-color":"var(--ast-global-color-5)","background-image":"","background-repeat":"repeat","background-position":"center center","background-size":"auto","background-attachment":"scroll","background-type":"","background-media":"","overlay-type":"","overlay-color":"","overlay-opacity":"","overlay-gradient":""},"mobile":{"background-color":"var(--ast-global-color-5)","background-image":"","background-repeat":"repeat","background-position":"center center","background-size":"auto","background-attachment":"scroll","background-type":"","background-media":"","overlay-type":"","overlay-color":"","overlay-opacity":"","overlay-gradient":""}},"footnotes":""},"class_list":["post-1202","page","type-page","status-publish","hentry"],"yoast_head":"<!-- This site is optimized with the Yoast SEO plugin v26.9 - https:\/\/yoast.com\/product\/yoast-seo-wordpress\/ -->\n<title>Consulenza online per i funzionari non professionisti -<\/title>\n<meta name=\"robots\" content=\"index, follow, max-snippet:-1, max-image-preview:large, max-video-preview:-1\" \/>\n<link rel=\"canonical\" href=\"https:\/\/emmasaez.com\/it\/consulenza-online-per-i-funzionari-non-professionisti\/\" \/>\n<meta property=\"og:locale\" content=\"it_IT\" \/>\n<meta property=\"og:type\" content=\"article\" \/>\n<meta property=\"og:title\" content=\"Consulenza online per i funzionari non professionisti -\" \/>\n<meta property=\"og:description\" content=\"Consulenza 1:1 Ti hanno chiesto di officiare un matrimonio? Ti aiuto a farlo nel modo giusto. Ti hanno chiesto di officiare una cerimonia simbolica e non sai da dove iniziare? Che onore cos\u00ec bello! Ma anche&#8230; che responsabilit\u00e0, vero? Se ti hanno scelto, \u00e8 perch\u00e9 si fidano di te, e la mia missione \u00e8 aiutarti [&hellip;]\" \/>\n<meta property=\"og:url\" content=\"https:\/\/emmasaez.com\/it\/consulenza-online-per-i-funzionari-non-professionisti\/\" \/>\n<meta property=\"article:modified_time\" content=\"2025-08-13T14:22:06+00:00\" \/>\n<meta property=\"og:image\" content=\"https:\/\/emmasaez.com\/wp-content\/uploads\/2025\/06\/fondo-micro.jpg\" \/>\n<meta name=\"twitter:card\" content=\"summary_large_image\" \/>\n<meta name=\"twitter:label1\" content=\"Tempo di lettura stimato\" \/>\n\t<meta name=\"twitter:data1\" content=\"2 minuti\" \/>\n<script type=\"application\/ld+json\" class=\"yoast-schema-graph\">{\"@context\":\"https:\/\/schema.org\",\"@graph\":[{\"@type\":\"WebPage\",\"@id\":\"https:\/\/emmasaez.com\/it\/consulenza-online-per-i-funzionari-non-professionisti\/\",\"url\":\"https:\/\/emmasaez.com\/it\/consulenza-online-per-i-funzionari-non-professionisti\/\",\"name\":\"Consulenza online per i funzionari non professionisti -\",\"isPartOf\":{\"@id\":\"https:\/\/emmasaez.com\/it\/#website\"},\"primaryImageOfPage\":{\"@id\":\"https:\/\/emmasaez.com\/it\/consulenza-online-per-i-funzionari-non-professionisti\/#primaryimage\"},\"image\":{\"@id\":\"https:\/\/emmasaez.com\/it\/consulenza-online-per-i-funzionari-non-professionisti\/#primaryimage\"},\"thumbnailUrl\":\"https:\/\/emmasaez.com\/wp-content\/uploads\/2025\/06\/fondo-micro.jpg\",\"datePublished\":\"2025-06-17T10:30:37+00:00\",\"dateModified\":\"2025-08-13T14:22:06+00:00\",\"breadcrumb\":{\"@id\":\"https:\/\/emmasaez.com\/it\/consulenza-online-per-i-funzionari-non-professionisti\/#breadcrumb\"},\"inLanguage\":\"it-IT\",\"potentialAction\":[{\"@type\":\"ReadAction\",\"target\":[\"https:\/\/emmasaez.com\/it\/consulenza-online-per-i-funzionari-non-professionisti\/\"]}]},{\"@type\":\"ImageObject\",\"inLanguage\":\"it-IT\",\"@id\":\"https:\/\/emmasaez.com\/it\/consulenza-online-per-i-funzionari-non-professionisti\/#primaryimage\",\"url\":\"https:\/\/emmasaez.com\/wp-content\/uploads\/2025\/06\/fondo-micro.jpg\",\"contentUrl\":\"https:\/\/emmasaez.com\/wp-content\/uploads\/2025\/06\/fondo-micro.jpg\"},{\"@type\":\"BreadcrumbList\",\"@id\":\"https:\/\/emmasaez.com\/it\/consulenza-online-per-i-funzionari-non-professionisti\/#breadcrumb\",\"itemListElement\":[{\"@type\":\"ListItem\",\"position\":1,\"name\":\"Portada\",\"item\":\"https:\/\/emmasaez.com\/it\/home\/\"},{\"@type\":\"ListItem\",\"position\":2,\"name\":\"Consulenza online per i funzionari non professionisti\"}]},{\"@type\":\"WebSite\",\"@id\":\"https:\/\/emmasaez.com\/it\/#website\",\"url\":\"https:\/\/emmasaez.com\/it\/\",\"name\":\"\",\"description\":\"Emma Saez | Maestra de Ceremonias\",\"potentialAction\":[{\"@type\":\"SearchAction\",\"target\":{\"@type\":\"EntryPoint\",\"urlTemplate\":\"https:\/\/emmasaez.com\/it\/?s={search_term_string}\"},\"query-input\":{\"@type\":\"PropertyValueSpecification\",\"valueRequired\":true,\"valueName\":\"search_term_string\"}}],\"inLanguage\":\"it-IT\"}]}<\/script>\n<!-- \/ Yoast SEO plugin. -->","yoast_head_json":{"title":"Consulenza online per i funzionari non professionisti -","robots":{"index":"index","follow":"follow","max-snippet":"max-snippet:-1","max-image-preview":"max-image-preview:large","max-video-preview":"max-video-preview:-1"},"canonical":"https:\/\/emmasaez.com\/it\/consulenza-online-per-i-funzionari-non-professionisti\/","og_locale":"it_IT","og_type":"article","og_title":"Consulenza online per i funzionari non professionisti -","og_description":"Consulenza 1:1 Ti hanno chiesto di officiare un matrimonio? Ti aiuto a farlo nel modo giusto. Ti hanno chiesto di officiare una cerimonia simbolica e non sai da dove iniziare? Che onore cos\u00ec bello! Ma anche&#8230; che responsabilit\u00e0, vero? Se ti hanno scelto, \u00e8 perch\u00e9 si fidano di te, e la mia missione \u00e8 aiutarti [&hellip;]","og_url":"https:\/\/emmasaez.com\/it\/consulenza-online-per-i-funzionari-non-professionisti\/","article_modified_time":"2025-08-13T14:22:06+00:00","og_image":[{"url":"https:\/\/emmasaez.com\/wp-content\/uploads\/2025\/06\/fondo-micro.jpg","type":"","width":"","height":""}],"twitter_card":"summary_large_image","twitter_misc":{"Tempo di lettura stimato":"2 minuti"},"schema":{"@context":"https:\/\/schema.org","@graph":[{"@type":"WebPage","@id":"https:\/\/emmasaez.com\/it\/consulenza-online-per-i-funzionari-non-professionisti\/","url":"https:\/\/emmasaez.com\/it\/consulenza-online-per-i-funzionari-non-professionisti\/","name":"Consulenza online per i funzionari non professionisti -","isPartOf":{"@id":"https:\/\/emmasaez.com\/it\/#website"},"primaryImageOfPage":{"@id":"https:\/\/emmasaez.com\/it\/consulenza-online-per-i-funzionari-non-professionisti\/#primaryimage"},"image":{"@id":"https:\/\/emmasaez.com\/it\/consulenza-online-per-i-funzionari-non-professionisti\/#primaryimage"},"thumbnailUrl":"https:\/\/emmasaez.com\/wp-content\/uploads\/2025\/06\/fondo-micro.jpg","datePublished":"2025-06-17T10:30:37+00:00","dateModified":"2025-08-13T14:22:06+00:00","breadcrumb":{"@id":"https:\/\/emmasaez.com\/it\/consulenza-online-per-i-funzionari-non-professionisti\/#breadcrumb"},"inLanguage":"it-IT","potentialAction":[{"@type":"ReadAction","target":["https:\/\/emmasaez.com\/it\/consulenza-online-per-i-funzionari-non-professionisti\/"]}]},{"@type":"ImageObject","inLanguage":"it-IT","@id":"https:\/\/emmasaez.com\/it\/consulenza-online-per-i-funzionari-non-professionisti\/#primaryimage","url":"https:\/\/emmasaez.com\/wp-content\/uploads\/2025\/06\/fondo-micro.jpg","contentUrl":"https:\/\/emmasaez.com\/wp-content\/uploads\/2025\/06\/fondo-micro.jpg"},{"@type":"BreadcrumbList","@id":"https:\/\/emmasaez.com\/it\/consulenza-online-per-i-funzionari-non-professionisti\/#breadcrumb","itemListElement":[{"@type":"ListItem","position":1,"name":"Portada","item":"https:\/\/emmasaez.com\/it\/home\/"},{"@type":"ListItem","position":2,"name":"Consulenza online per i funzionari non professionisti"}]},{"@type":"WebSite","@id":"https:\/\/emmasaez.com\/it\/#website","url":"https:\/\/emmasaez.com\/it\/","name":"","description":"Emma Saez | Maestra de Ceremonias","potentialAction":[{"@type":"SearchAction","target":{"@type":"EntryPoint","urlTemplate":"https:\/\/emmasaez.com\/it\/?s={search_term_string}"},"query-input":{"@type":"PropertyValueSpecification","valueRequired":true,"valueName":"search_term_string"}}],"inLanguage":"it-IT"}]}},"_links":{"self":[{"href":"https:\/\/emmasaez.com\/it\/wp-json\/wp\/v2\/pages\/1202","targetHints":{"allow":["GET"]}}],"collection":[{"href":"https:\/\/emmasaez.com\/it\/wp-json\/wp\/v2\/pages"}],"about":[{"href":"https:\/\/emmasaez.com\/it\/wp-json\/wp\/v2\/types\/page"}],"author":[{"embeddable":true,"href":"https:\/\/emmasaez.com\/it\/wp-json\/wp\/v2\/users\/4"}],"replies":[{"embeddable":true,"href":"https:\/\/emmasaez.com\/it\/wp-json\/wp\/v2\/comments?post=1202"}],"version-history":[{"count":7,"href":"https:\/\/emmasaez.com\/it\/wp-json\/wp\/v2\/pages\/1202\/revisions"}],"predecessor-version":[{"id":1302,"href":"https:\/\/emmasaez.com\/it\/wp-json\/wp\/v2\/pages\/1202\/revisions\/1302"}],"wp:attachment":[{"href":"https:\/\/emmasaez.com\/it\/wp-json\/wp\/v2\/media?parent=1202"}],"curies":[{"name":"wp","href":"https:\/\/api.w.org\/{rel}","templated":true}]}}