{"id":1570,"date":"2022-05-03T09:27:48","date_gmt":"2022-05-03T09:27:48","guid":{"rendered":"https:\/\/emmasaez.com\/aviso-legal\/"},"modified":"2025-08-26T15:39:02","modified_gmt":"2025-08-26T15:39:02","slug":"legal","status":"publish","type":"page","link":"https:\/\/emmasaez.com\/en\/legal\/","title":{"rendered":"Legal"},"content":{"rendered":"\t\t<div data-elementor-type=\"wp-page\" data-elementor-id=\"1570\" class=\"elementor elementor-1570 elementor-388\" data-elementor-post-type=\"page\">\n\t\t\t\t\t\t<section class=\"elementor-section elementor-top-section elementor-element elementor-element-6264e565 elementor-section-boxed elementor-section-height-default elementor-section-height-default\" data-id=\"6264e565\" data-element_type=\"section\" data-e-type=\"section\">\n\t\t\t\t\t\t<div class=\"elementor-container elementor-column-gap-default\">\n\t\t\t\t\t<div class=\"elementor-column elementor-col-100 elementor-top-column elementor-element elementor-element-767ba4e1\" data-id=\"767ba4e1\" data-element_type=\"column\" data-e-type=\"column\">\n\t\t\t<div class=\"elementor-widget-wrap elementor-element-populated\">\n\t\t\t\t\t\t<div class=\"elementor-element elementor-element-4c3605c elementor-widget elementor-widget-heading\" data-id=\"4c3605c\" data-element_type=\"widget\" data-e-type=\"widget\" data-widget_type=\"heading.default\">\n\t\t\t\t<div class=\"elementor-widget-container\">\n\t\t\t\t\t<h1 class=\"elementor-heading-title elementor-size-default\">Legal notice<\/h1>\t\t\t\t<\/div>\n\t\t\t\t<\/div>\n\t\t\t\t<div class=\"elementor-element elementor-element-31e7b099 elementor-widget elementor-widget-text-editor\" data-id=\"31e7b099\" data-element_type=\"widget\" data-e-type=\"widget\" data-widget_type=\"text-editor.default\">\n\t\t\t\t<div class=\"elementor-widget-container\">\n\t\t\t\t\t\t\t\t\t<div class=\"elementor-widget-container\">\n<ul>\n<li><span style=\"font-weight: 400;\">Commercial name: Emma S\u00e1ez Ceremonias<\/span><\/li>\n<li><span style=\"font-weight: 400;\">NIF and contact: 20180657C (Emma S\u00e1ez Carbajo) <\/span><\/li>\n<li><span style=\"font-weight: 400;\">Registered address:&nbsp;&nbsp;<\/span>Avda. Sim\u00f3n Bol\u00edvar, 30, 3 B, 48920, Vizcaya<\/li>\n<li><span style=\"font-weight: 400;\">Activity: Planning and Organization of Ceremonies <\/span><\/li>\n<li><span style=\"font-weight: 400;\">Email: <\/span><a href=\"mailto:hola@emmasaez.com\"><span style=\"font-weight: 400;\">hola@emmasaez.com<\/span><\/a><\/li>\n<\/ul>\n<p><span style=\"font-size: 16px; font-weight: 400;\">Emma S\u00e1ez Ceremonias (Emma S\u00e1ez Carbajo) as the person responsible for this website, assumes the commitment to process the information of its users and clients with full guarantees and to comply with the national and European requirements that regulate the collection and use of the personal data of its users. This website therefore strictly complies with Organic Law 15\/1999, of December 13, on the Protection of Personal Data (LOPD), and with Royal Decree 1720\/2007, of December 21 (LOPD). It also complies with Regulation (EU) 2016\/679 of the European Parliament and of the Council of April 27, 2016 regarding the protection of natural persons (GDPR), as well as with Law 34\/2002, of July 11, on Information Society Services and Electronic Commerce (LSSICE or LSSI).<\/span><\/p>\n<p><span style=\"font-weight: 400;\">The Emma S\u00e1ez Ceremonias website aims to provide information about the company&#8217;s services and provide a way to contact me for more information about our services: master of ceremonies, wedding officiant, secular funeral officiant, organization of any type of ceremony.<\/span><\/p>\n<p><b>Terms of use:<\/b><b><br><\/b><span style=\"font-weight: 400;\">Any person who accesses this website assumes the role of user, committing to the observance and strict compliance with the provisions set forth herein, as well as any other applicable legal provisions.<\/span><\/p>\n<p><span style=\"font-weight: 400;\">The provider reserves the right to modify any type of information that may appear on the website, without any obligation to notify or inform users of such obligations, it being understood that publication on the provider&#8217;s website is sufficient.<\/span><\/p>\n<p><b>Data we collect and privacy:<\/b><b><br><\/b><span style=\"font-weight: 400;\">Access our <a href=\"https:\/\/emmasaez.com\/en\/privacy-policy\/\">Privacy Policy here.<\/a><\/span><\/p>\n<p><b>Commitments and obligations of users:<\/b><b><br><\/b><span style=\"font-weight: 400;\">I. You are informed and accept that access to this website does not, in any way, imply the beginning of a commercial relationship with Emma S\u00e1ez Ceremonias. Therefore, you must undertake to use this website, its services and contents in compliance with current legislation, good faith and public order.<\/span><span style=\"font-weight: 400;\"><br><\/span><span style=\"font-weight: 400;\">II. The use of the website for illegal or harmful purposes or that may cause any type of problem or harm or impede the normal operation of the website is prohibited.<\/span><span style=\"font-weight: 400;\"><br><\/span><span style=\"font-weight: 400;\">III. You agree not to carry out any conduct that could damage the image, interests and rights of Emma S\u00e1ez Ceremonias or third parties. Or that may damage, disable or overload emmasaez.com, preventing in any way the normal use of the website.<\/span><\/p>\n<p><span style=\"font-weight: 400;\">With regard to the contents of this website, the following is prohibited:<\/span><span style=\"font-weight: 400;\"><br><\/span><span style=\"font-weight: 400;\">\u2013 Its reproduction, distribution or modification, in whole or in part, unless authorized by Emma S\u00e1ez Ceremonias.<\/span><span style=\"font-weight: 400;\"><br><\/span><span style=\"font-weight: 400;\">\u2013 Any violation of the copyright of Emma S\u00e1ez Ceremonias.<\/span><span style=\"font-weight: 400;\"><br><\/span><span style=\"font-weight: 400;\">\u2013 Its use for commercial or advertising.<\/span><\/p>\n<p><b>Security measures<\/b><b><br><\/b><span style=\"font-weight: 400;\">The personal data that you may communicate to Emma S\u00e1ez Ceremonias as a User of emmasaez.com may be stored in databases owned exclusively by Emma S\u00e1ez Ceremonias, which assumes all technical, organizational and security measures that guarantee the confidentiality, integrity and quality of the information contained therein, in accordance with the provisions of current data protection regulations.<\/span><\/p>\n<p><span style=\"font-weight: 400;\">You can check that the communication between the User and emmasaez.com uses a secure channel. The data transmitted is cifrados thanks to the HTTPS protocol, guaranteeing the best security conditions for user confidentiality.<\/span><span style=\"font-weight: 400;\"><br><\/span><span style=\"font-weight: 400;\">At emmasaez.com we adopt appropriate security measures to detect the existence of viruses and any other type of attack.<\/span><span style=\"font-weight: 400;\"><br><\/span><span style=\"font-weight: 400;\">Even so, the User must be aware that the security measures of computer systems on the Internet are not entirely reliable, so at emmasaez.com we cannot completely guarantee the absence of viruses or other elements that may cause alterations to the User&#8217;s computer systems (software and hardware) or to their electronic documents and the files they contain due to bad practices by third parties.<\/span><\/p>\n<p><b>About external links (from or to other sites)<\/b><b><br><\/b><span style=\"font-weight: 400;\">The articles and pages of the emmasaez.com website have links to other websites and content owned by third parties, such as content, resources, tools, or affiliate links. The sole purpose of the links is to provide the User with the ability to access those linked sites. <\/span><span style=\"font-weight: 400;\">Therefore, emmasaez.com is not responsible in any case for anything that may happen when directing the User through these links.<\/span><\/p>\n<p><span style=\"font-weight: 400;\">With regard to incoming links to the website, Emma S\u00e1ez Ceremonias AUTHORIZES links from other related websites, news, or blogs. (As long as it is to add value to other pages and without harming the interests of Emma S\u00e1ez Ceremonias).<\/span><\/p>\n<p><span style=\"font-weight: 400;\">The fact that third parties link to this website does not imply in any case that there is a relationship between emmasaez.com and the owner of the site to which the link is added, nor the acceptance or approval by emmasaez.com of its contents or services.<\/span><\/p>\n<p><b>Exclusion of guarantees and liability<\/b><b><br><\/b><span style=\"font-weight: 400;\">Emma S\u00e1ez Ceremonias does not offer any guarantee nor is it responsible, in any case, for damages of any nature that may arise from:<\/span><span style=\"font-weight: 400;\"><br><\/span><span style=\"font-weight: 400;\">\u2022 The lack of availability, maintenance and effective operation of the website or its services and contents.<\/span><span style=\"font-weight: 400;\"><br><\/span><span style=\"font-weight: 400;\">\u2022 The existence of viruses, malware, malicious or harmful programs in the contents.<\/span><span style=\"font-weight: 400;\"><br><\/span><span style=\"font-weight: 400;\">\u2022 The illicit, negligent, fraudulent use or contrary to this Legal Notice.<\/span><span style=\"font-weight: 400;\"><br><\/span><span style=\"font-weight: 400;\">\u2022 Of the damages that may arise from the illegal or improper use of this website.<\/span><span style=\"font-weight: 400;\"><br><\/span><span style=\"font-weight: 400;\">Emma S\u00e1ez Ceremonias is not responsible under any circumstances for the damages that may arise from the illegal or improper use of this website.<\/span><\/p>\n<p><b>Applicable law and jurisdiction<\/b><b><br><\/b><span style=\"font-weight: 400;\">In general, the relations between emmasaez.com and the Users, regarding the use of the website, are subject to Spanish legislation and jurisdiction, to which the parties expressly submit, the Courts and Tribunals of Madrid being competent for the resolution of all conflicts arising from or related to its use.<\/span><\/p>\n<p><b>Contact<\/b><b><br><\/b><span style=\"font-weight: 400;\">In the event that, as a User, you have any questions about these Legal Conditions or wish to make any comments about this website, you can write to hola@emmasaez.com<\/span><\/p>\n<p><span style=\"font-weight: 400;\">This Legal Notice has been reviewed and published at July 29, 2025.<\/span><\/p>\n<\/div>\t\t\t\t\t\t\t\t<\/div>\n\t\t\t\t<\/div>\n\t\t\t\t\t<\/div>\n\t\t<\/div>\n\t\t\t\t\t<\/div>\n\t\t<\/section>\n\t\t\t\t<\/div>\n\t\t","protected":false},"excerpt":{"rendered":"<p>Legal notice Commercial name: Emma S\u00e1ez Ceremonias NIF and contact: 20180657C (Emma S\u00e1ez Carbajo) Registered address:&nbsp;&nbsp;Avda. Sim\u00f3n Bol\u00edvar, 30, 3 B, 48920, Vizcaya Activity: Planning and Organization of Ceremonies Email: hola@emmasaez.com Emma S\u00e1ez Ceremonias (Emma S\u00e1ez Carbajo) as the person responsible for this website, assumes the commitment to process the information of its users and [&hellip;]<\/p>\n","protected":false},"author":1,"featured_media":0,"parent":0,"menu_order":0,"comment_status":"closed","ping_status":"closed","template":"elementor_header_footer","meta":{"site-sidebar-layout":"default","site-content-layout":"","ast-site-content-layout":"default","site-content-style":"default","site-sidebar-style":"default","ast-global-header-display":"","ast-banner-title-visibility":"","ast-main-header-display":"","ast-hfb-above-header-display":"","ast-hfb-below-header-display":"","ast-hfb-mobile-header-display":"","site-post-title":"","ast-breadcrumbs-content":"","ast-featured-img":"","footer-sml-layout":"","ast-disable-related-posts":"","theme-transparent-header-meta":"","adv-header-id-meta":"","stick-header-meta":"","header-above-stick-meta":"","header-main-stick-meta":"","header-below-stick-meta":"","astra-migrate-meta-layouts":"set","ast-page-background-enabled":"default","ast-page-background-meta":{"desktop":{"background-color":"var(--ast-global-color-4)","background-image":"","background-repeat":"repeat","background-position":"center center","background-size":"auto","background-attachment":"scroll","background-type":"","background-media":"","overlay-type":"","overlay-color":"","overlay-opacity":"","overlay-gradient":""},"tablet":{"background-color":"","background-image":"","background-repeat":"repeat","background-position":"center center","background-size":"auto","background-attachment":"scroll","background-type":"","background-media":"","overlay-type":"","overlay-color":"","overlay-opacity":"","overlay-gradient":""},"mobile":{"background-color":"","background-image":"","background-repeat":"repeat","background-position":"center center","background-size":"auto","background-attachment":"scroll","background-type":"","background-media":"","overlay-type":"","overlay-color":"","overlay-opacity":"","overlay-gradient":""}},"ast-content-background-meta":{"desktop":{"background-color":"var(--ast-global-color-5)","background-image":"","background-repeat":"repeat","background-position":"center center","background-size":"auto","background-attachment":"scroll","background-type":"","background-media":"","overlay-type":"","overlay-color":"","overlay-opacity":"","overlay-gradient":""},"tablet":{"background-color":"var(--ast-global-color-5)","background-image":"","background-repeat":"repeat","background-position":"center center","background-size":"auto","background-attachment":"scroll","background-type":"","background-media":"","overlay-type":"","overlay-color":"","overlay-opacity":"","overlay-gradient":""},"mobile":{"background-color":"var(--ast-global-color-5)","background-image":"","background-repeat":"repeat","background-position":"center center","background-size":"auto","background-attachment":"scroll","background-type":"","background-media":"","overlay-type":"","overlay-color":"","overlay-opacity":"","overlay-gradient":""}},"footnotes":""},"class_list":["post-1570","page","type-page","status-publish","hentry"],"yoast_head":"<!-- This site is optimized with the Yoast SEO plugin v26.9 - https:\/\/yoast.com\/product\/yoast-seo-wordpress\/ -->\n<title>Legal -<\/title>\n<meta name=\"robots\" content=\"index, follow, max-snippet:-1, max-image-preview:large, max-video-preview:-1\" \/>\n<link rel=\"canonical\" href=\"https:\/\/emmasaez.com\/en\/legal\/\" \/>\n<meta property=\"og:locale\" content=\"en_US\" \/>\n<meta property=\"og:type\" content=\"article\" \/>\n<meta property=\"og:title\" content=\"Legal -\" \/>\n<meta property=\"og:description\" content=\"Legal notice Commercial name: Emma S\u00e1ez Ceremonias NIF and contact: 20180657C (Emma S\u00e1ez Carbajo) Registered address:&nbsp;&nbsp;Avda. Sim\u00f3n Bol\u00edvar, 30, 3 B, 48920, Vizcaya Activity: Planning and Organization of Ceremonies Email: hola@emmasaez.com Emma S\u00e1ez Ceremonias (Emma S\u00e1ez Carbajo) as the person responsible for this website, assumes the commitment to process the information of its users and [&hellip;]\" \/>\n<meta property=\"og:url\" content=\"https:\/\/emmasaez.com\/en\/legal\/\" \/>\n<meta property=\"article:modified_time\" content=\"2025-08-26T15:39:02+00:00\" \/>\n<meta name=\"twitter:card\" content=\"summary_large_image\" \/>\n<meta name=\"twitter:label1\" content=\"Est. reading time\" \/>\n\t<meta name=\"twitter:data1\" content=\"9 minutes\" \/>\n<script type=\"application\/ld+json\" class=\"yoast-schema-graph\">{\"@context\":\"https:\/\/schema.org\",\"@graph\":[{\"@type\":\"WebPage\",\"@id\":\"https:\/\/emmasaez.com\/en\/legal\/\",\"url\":\"https:\/\/emmasaez.com\/en\/legal\/\",\"name\":\"Legal -\",\"isPartOf\":{\"@id\":\"https:\/\/emmasaez.com\/en\/#website\"},\"datePublished\":\"2022-05-03T09:27:48+00:00\",\"dateModified\":\"2025-08-26T15:39:02+00:00\",\"breadcrumb\":{\"@id\":\"https:\/\/emmasaez.com\/en\/legal\/#breadcrumb\"},\"inLanguage\":\"en-US\",\"potentialAction\":[{\"@type\":\"ReadAction\",\"target\":[\"https:\/\/emmasaez.com\/en\/legal\/\"]}]},{\"@type\":\"BreadcrumbList\",\"@id\":\"https:\/\/emmasaez.com\/en\/legal\/#breadcrumb\",\"itemListElement\":[{\"@type\":\"ListItem\",\"position\":1,\"name\":\"Portada\",\"item\":\"https:\/\/emmasaez.com\/en\/\"},{\"@type\":\"ListItem\",\"position\":2,\"name\":\"Legal\"}]},{\"@type\":\"WebSite\",\"@id\":\"https:\/\/emmasaez.com\/en\/#website\",\"url\":\"https:\/\/emmasaez.com\/en\/\",\"name\":\"\",\"description\":\"Emma Saez | Maestra de Ceremonias\",\"potentialAction\":[{\"@type\":\"SearchAction\",\"target\":{\"@type\":\"EntryPoint\",\"urlTemplate\":\"https:\/\/emmasaez.com\/en\/?s={search_term_string}\"},\"query-input\":{\"@type\":\"PropertyValueSpecification\",\"valueRequired\":true,\"valueName\":\"search_term_string\"}}],\"inLanguage\":\"en-US\"}]}<\/script>\n<!-- \/ Yoast SEO plugin. -->","yoast_head_json":{"title":"Legal -","robots":{"index":"index","follow":"follow","max-snippet":"max-snippet:-1","max-image-preview":"max-image-preview:large","max-video-preview":"max-video-preview:-1"},"canonical":"https:\/\/emmasaez.com\/en\/legal\/","og_locale":"en_US","og_type":"article","og_title":"Legal -","og_description":"Legal notice Commercial name: Emma S\u00e1ez Ceremonias NIF and contact: 20180657C (Emma S\u00e1ez Carbajo) Registered address:&nbsp;&nbsp;Avda. Sim\u00f3n Bol\u00edvar, 30, 3 B, 48920, Vizcaya Activity: Planning and Organization of Ceremonies Email: hola@emmasaez.com Emma S\u00e1ez Ceremonias (Emma S\u00e1ez Carbajo) as the person responsible for this website, assumes the commitment to process the information of its users and [&hellip;]","og_url":"https:\/\/emmasaez.com\/en\/legal\/","article_modified_time":"2025-08-26T15:39:02+00:00","twitter_card":"summary_large_image","twitter_misc":{"Est. reading time":"9 minutes"},"schema":{"@context":"https:\/\/schema.org","@graph":[{"@type":"WebPage","@id":"https:\/\/emmasaez.com\/en\/legal\/","url":"https:\/\/emmasaez.com\/en\/legal\/","name":"Legal -","isPartOf":{"@id":"https:\/\/emmasaez.com\/en\/#website"},"datePublished":"2022-05-03T09:27:48+00:00","dateModified":"2025-08-26T15:39:02+00:00","breadcrumb":{"@id":"https:\/\/emmasaez.com\/en\/legal\/#breadcrumb"},"inLanguage":"en-US","potentialAction":[{"@type":"ReadAction","target":["https:\/\/emmasaez.com\/en\/legal\/"]}]},{"@type":"BreadcrumbList","@id":"https:\/\/emmasaez.com\/en\/legal\/#breadcrumb","itemListElement":[{"@type":"ListItem","position":1,"name":"Portada","item":"https:\/\/emmasaez.com\/en\/"},{"@type":"ListItem","position":2,"name":"Legal"}]},{"@type":"WebSite","@id":"https:\/\/emmasaez.com\/en\/#website","url":"https:\/\/emmasaez.com\/en\/","name":"","description":"Emma Saez | Maestra de Ceremonias","potentialAction":[{"@type":"SearchAction","target":{"@type":"EntryPoint","urlTemplate":"https:\/\/emmasaez.com\/en\/?s={search_term_string}"},"query-input":{"@type":"PropertyValueSpecification","valueRequired":true,"valueName":"search_term_string"}}],"inLanguage":"en-US"}]}},"_links":{"self":[{"href":"https:\/\/emmasaez.com\/en\/wp-json\/wp\/v2\/pages\/1570","targetHints":{"allow":["GET"]}}],"collection":[{"href":"https:\/\/emmasaez.com\/en\/wp-json\/wp\/v2\/pages"}],"about":[{"href":"https:\/\/emmasaez.com\/en\/wp-json\/wp\/v2\/types\/page"}],"author":[{"embeddable":true,"href":"https:\/\/emmasaez.com\/en\/wp-json\/wp\/v2\/users\/1"}],"replies":[{"embeddable":true,"href":"https:\/\/emmasaez.com\/en\/wp-json\/wp\/v2\/comments?post=1570"}],"version-history":[{"count":13,"href":"https:\/\/emmasaez.com\/en\/wp-json\/wp\/v2\/pages\/1570\/revisions"}],"predecessor-version":[{"id":1923,"href":"https:\/\/emmasaez.com\/en\/wp-json\/wp\/v2\/pages\/1570\/revisions\/1923"}],"wp:attachment":[{"href":"https:\/\/emmasaez.com\/en\/wp-json\/wp\/v2\/media?parent=1570"}],"curies":[{"name":"wp","href":"https:\/\/api.w.org\/{rel}","templated":true}]}}